{"id":2505,"date":"2023-06-02T19:24:54","date_gmt":"2023-06-02T19:24:54","guid":{"rendered":"https:\/\/scarabello.shop\/product\/borsa-rizutto-rosa\/"},"modified":"2023-08-28T13:16:09","modified_gmt":"2023-08-28T13:16:09","slug":"borse-borsa-rizutto-rosa","status":"publish","type":"product","link":"https:\/\/scarabello.shop\/it\/prodotto\/borse-borsa-rizutto-rosa\/","title":{"rendered":"Borsa Rizutto Rosa"},"content":{"rendered":"<p>Questa borsa \u00e8 realizzata con la migliore pelle di vitello italiana. Le dimensioni sono 36 cm x 18 cm x 29 cm (L x P x A). Un design unico e disponibile in pi\u00f9 colori molto eleganti. Progettato e realizzato nella citt\u00e0 pi\u00f9 bella del Nord Italia, Firenze.<\/p>\n","protected":false},"excerpt":{"rendered":"<p>Questa borsa \u00e8 realizzata con la migliore pelle di vitello italiana. Le dimensioni sono 36 cm x 18 cm x 29 cm (L x P x A). Un design unico e disponibile in pi\u00f9 colori molto eleganti. Progettato e realizzato nella citt\u00e0 pi\u00f9 bella del Nord Italia, Firenze.<\/p>\n","protected":false},"featured_media":2260,"template":"","meta":{"inline_featured_image":false,"site-sidebar-layout":"default","site-content-layout":"default","ast-site-content-layout":"","site-content-style":"default","site-sidebar-style":"default","ast-global-header-display":"","ast-banner-title-visibility":"","ast-main-header-display":"","ast-hfb-above-header-display":"","ast-hfb-below-header-display":"","ast-hfb-mobile-header-display":"","site-post-title":"","ast-breadcrumbs-content":"","ast-featured-img":"","footer-sml-layout":"","theme-transparent-header-meta":"default","adv-header-id-meta":"","stick-header-meta":"","header-above-stick-meta":"","header-main-stick-meta":"","header-below-stick-meta":"","astra-migrate-meta-layouts":""},"product_cat":[115,144],"product_tag":[],"_links":{"self":[{"href":"https:\/\/scarabello.shop\/it\/wp-json\/wp\/v2\/product\/2505"}],"collection":[{"href":"https:\/\/scarabello.shop\/it\/wp-json\/wp\/v2\/product"}],"about":[{"href":"https:\/\/scarabello.shop\/it\/wp-json\/wp\/v2\/types\/product"}],"wp:featuredmedia":[{"embeddable":true,"href":"https:\/\/scarabello.shop\/it\/wp-json\/wp\/v2\/media\/2260"}],"wp:attachment":[{"href":"https:\/\/scarabello.shop\/it\/wp-json\/wp\/v2\/media?parent=2505"}],"wp:term":[{"taxonomy":"product_cat","embeddable":true,"href":"https:\/\/scarabello.shop\/it\/wp-json\/wp\/v2\/product_cat?post=2505"},{"taxonomy":"product_tag","embeddable":true,"href":"https:\/\/scarabello.shop\/it\/wp-json\/wp\/v2\/product_tag?post=2505"}],"curies":[{"name":"wp","href":"https:\/\/api.w.org\/{rel}","templated":true}]}}