{"id":2396,"date":"2023-05-25T14:21:01","date_gmt":"2023-05-25T14:21:01","guid":{"rendered":"https:\/\/scarabello.shop\/passione-per-litalia\/"},"modified":"2023-08-26T17:28:16","modified_gmt":"2023-08-26T17:28:16","slug":"passione-per-litalia","status":"publish","type":"page","link":"https:\/\/scarabello.shop\/it\/passione-per-litalia\/","title":{"rendered":"Passione per l\u2019Italia?"},"content":{"rendered":"\t\t<div data-elementor-type=\"wp-page\" data-elementor-id=\"2396\" class=\"elementor elementor-2396 elementor-1707\" data-elementor-post-type=\"page\">\n\t\t\t\t\t\t\t\t\t<section class=\"elementor-section elementor-top-section elementor-element elementor-element-c7d5626 elementor-section-boxed elementor-section-height-default elementor-section-height-default\" data-id=\"c7d5626\" data-element_type=\"section\" data-settings=\"{&quot;background_background&quot;:&quot;classic&quot;}\">\n\t\t\t\t\t\t<div class=\"elementor-container elementor-column-gap-no\">\n\t\t\t\t\t<div class=\"elementor-column elementor-col-100 elementor-top-column elementor-element elementor-element-3d90566\" data-id=\"3d90566\" data-element_type=\"column\">\n\t\t\t<div class=\"elementor-widget-wrap elementor-element-populated\">\n\t\t\t\t\t\t\t\t<div class=\"elementor-element elementor-element-4450677 elementor-widget elementor-widget-heading\" data-id=\"4450677\" data-element_type=\"widget\" data-widget_type=\"heading.default\">\n\t\t\t\t<div class=\"elementor-widget-container\">\n\t\t\t<style>\/*! elementor - v3.16.0 - 12-09-2023 *\/\n.elementor-heading-title{padding:0;margin:0;line-height:1}.elementor-widget-heading .elementor-heading-title[class*=elementor-size-]>a{color:inherit;font-size:inherit;line-height:inherit}.elementor-widget-heading .elementor-heading-title.elementor-size-small{font-size:15px}.elementor-widget-heading .elementor-heading-title.elementor-size-medium{font-size:19px}.elementor-widget-heading .elementor-heading-title.elementor-size-large{font-size:29px}.elementor-widget-heading .elementor-heading-title.elementor-size-xl{font-size:39px}.elementor-widget-heading .elementor-heading-title.elementor-size-xxl{font-size:59px}<\/style><h1 class=\"elementor-heading-title elementor-size-default\">Passione per l\u2019Italia?<\/h1>\t\t<\/div>\n\t\t\t\t<\/div>\n\t\t\t\t\t<\/div>\n\t\t<\/div>\n\t\t\t\t\t\t\t<\/div>\n\t\t<\/section>\n\t\t\t\t<section class=\"elementor-section elementor-top-section elementor-element elementor-element-7c8bef9 elementor-section-boxed elementor-section-height-default elementor-section-height-default\" data-id=\"7c8bef9\" data-element_type=\"section\">\n\t\t\t\t\t\t<div class=\"elementor-container elementor-column-gap-no\">\n\t\t\t\t\t<div class=\"elementor-column elementor-col-100 elementor-top-column elementor-element elementor-element-66d72db\" data-id=\"66d72db\" data-element_type=\"column\">\n\t\t\t<div class=\"elementor-widget-wrap elementor-element-populated\">\n\t\t\t\t\t\t\t\t<div class=\"elementor-element elementor-element-85f1f32 elementor-widget elementor-widget-heading\" data-id=\"85f1f32\" data-element_type=\"widget\" data-widget_type=\"heading.default\">\n\t\t\t\t<div class=\"elementor-widget-container\">\n\t\t\t<h2 class=\"elementor-heading-title elementor-size-default\">PASSIONE PER L'ITALIA?<\/h2>\t\t<\/div>\n\t\t\t\t<\/div>\n\t\t\t\t<div class=\"elementor-element elementor-element-7deff9e elementor-widget elementor-widget-text-editor\" data-id=\"7deff9e\" data-element_type=\"widget\" data-widget_type=\"text-editor.default\">\n\t\t\t\t<div class=\"elementor-widget-container\">\n\t\t\t<style>\/*! elementor - v3.16.0 - 12-09-2023 *\/\n.elementor-widget-text-editor.elementor-drop-cap-view-stacked .elementor-drop-cap{background-color:#69727d;color:#fff}.elementor-widget-text-editor.elementor-drop-cap-view-framed .elementor-drop-cap{color:#69727d;border:3px solid;background-color:transparent}.elementor-widget-text-editor:not(.elementor-drop-cap-view-default) .elementor-drop-cap{margin-top:8px}.elementor-widget-text-editor:not(.elementor-drop-cap-view-default) .elementor-drop-cap-letter{width:1em;height:1em}.elementor-widget-text-editor .elementor-drop-cap{float:left;text-align:center;line-height:1;font-size:50px}.elementor-widget-text-editor .elementor-drop-cap-letter{display:inline-block}<\/style>\t\t\t\t<p>\u00c8 difficile da spiegare a chi non (ri)conosce questa sensazione. \u00c8 la combinazione del Paese, della sua gente, della passione, del design, della moda, del cibo e dell&#8217;atmosfera che fa s\u00ec che questo mix colpisca il cuore dei suoi estimatori.<\/p>\n<p>Non \u00e8 di per s\u00e9 sorprendente che un Paese, che gi\u00e0 nell&#8217;antichit\u00e0 era il centro dell&#8217;Impero Romano e dove la Toscana \u00e8 stata la culla del Rinascimento, catturi ancora l&#8217;immaginazione. Tutto in Italia \u00e8 radicato nella storia antica e nella passione. In tutta l&#8217;Italia si \u00e8 immersi in essa.<\/p>\n\t\t\t\t\t\t<\/div>\n\t\t\t\t<\/div>\n\t\t\t\t<section class=\"elementor-section elementor-inner-section elementor-element elementor-element-df2436d elementor-section-boxed elementor-section-height-default elementor-section-height-default\" data-id=\"df2436d\" data-element_type=\"section\">\n\t\t\t\t\t\t<div class=\"elementor-container elementor-column-gap-default\">\n\t\t\t\t\t<div class=\"elementor-column elementor-col-100 elementor-inner-column elementor-element elementor-element-e58d2f6\" data-id=\"e58d2f6\" data-element_type=\"column\">\n\t\t\t<div class=\"elementor-widget-wrap elementor-element-populated\">\n\t\t\t\t\t\t\t\t<div class=\"elementor-element elementor-element-df3aa3b elementor-widget elementor-widget-text-editor\" data-id=\"df3aa3b\" data-element_type=\"widget\" data-widget_type=\"text-editor.default\">\n\t\t\t\t<div class=\"elementor-widget-container\">\n\t\t\t\t\t\t\t<p>Le nuove creazioni pi\u00f9 raffinate, che si tratti della collezione di una famosa casa di moda, di oggetti d&#8217;arte in vetro soffiato a mano e unico di <a href=\"https:\/\/nl.wikipedia.org\/wiki\/Murano\">Murano<\/a> o di una nuova <a href=\"https:\/\/www.ducati.com\/nl\/nl\/bikes\/panigale\/panigale-v4-sp\">Ducati Panigale<\/a>, hanno le loro radici da qualche parte con <a href=\"https:\/\/nl.wikipedia.org\/wiki\/Sandro_Botticelli\">Botticelli<\/a>, Da <a href=\"https:\/\/nl.wikipedia.org\/wiki\/Leonardo_da_Vinci\">Vinci<\/a> o <a href=\"https:\/\/nl.wikipedia.org\/wiki\/Michelangelo_Buonarroti\">Michelangelo<\/a>. Probabilmente \u00e8 per questo che queste nuove creazioni moderne non sembrano ancora fuori posto nelle piazze secolari del Paese. Dove la nonna italiana compra i suoi ingredienti freschi per una pasta ancora fresca da fare.<\/p>\n<p>Gli italiani sanno elevare le loro tradizioni secolari a vera e propria arte come nessun altro popolo. Naturalmente, in un Paese che esiste da cos\u00ec tanti secoli, alcune cose sono state contese. Tra quartieri, citt\u00e0 e intere regioni. Questa rivalit\u00e0 tra gruppi diversi \u00e8 ancora abbondante. Il voler essere sempre migliori degli altri ha portato anche allo sviluppo dei prodotti pi\u00f9 belli.<\/p>\n<p>La passione pura, il godere delle cose belle e delle esperienze della vita, del buon cibo, di un espresso perfetto e il voler condividere tutto questo con i propri amici, \u00e8 ci\u00f2 che ci piace rappresentare in ScaraBello. Siamo convinti che questa passione condivisa crei un legame completamente diverso con i nostri clienti rispetto a quello che pu\u00f2 avere un marchio medio.<\/p>\n\t\t\t\t\t\t<\/div>\n\t\t\t\t<\/div>\n\t\t\t\t<div class=\"elementor-element elementor-element-c109ee7 elementor-widget elementor-widget-button\" data-id=\"c109ee7\" data-element_type=\"widget\" data-widget_type=\"button.default\">\n\t\t\t\t<div class=\"elementor-widget-container\">\n\t\t\t\t\t<div class=\"elementor-button-wrapper\">\n\t\t\t<a class=\"elementor-button elementor-button-link elementor-size-sm\" href=\"https:\/\/scarabello.shop\/shop\/\">\n\t\t\t\t\t\t<span class=\"elementor-button-content-wrapper\">\n\t\t\t\t\t\t<span class=\"elementor-button-text\">Guarda i nostri prodotti<\/span>\n\t\t<\/span>\n\t\t\t\t\t<\/a>\n\t\t<\/div>\n\t\t\t\t<\/div>\n\t\t\t\t<\/div>\n\t\t\t\t\t<\/div>\n\t\t<\/div>\n\t\t\t\t\t\t\t<\/div>\n\t\t<\/section>\n\t\t\t\t\t<\/div>\n\t\t<\/div>\n\t\t\t\t\t\t\t<\/div>\n\t\t<\/section>\n\t\t\t\t<section class=\"elementor-section elementor-top-section elementor-element elementor-element-a79a3fd elementor-section-boxed elementor-section-height-default elementor-section-height-default\" data-id=\"a79a3fd\" data-element_type=\"section\">\n\t\t\t\t\t\t<div class=\"elementor-container elementor-column-gap-default\">\n\t\t\t\t\t<div class=\"elementor-column elementor-col-100 elementor-top-column elementor-element elementor-element-2f47b9b\" data-id=\"2f47b9b\" data-element_type=\"column\">\n\t\t\t<div class=\"elementor-widget-wrap elementor-element-populated\">\n\t\t\t\t\t\t\t\t<section class=\"elementor-section elementor-inner-section elementor-element elementor-element-87d661a elementor-section-boxed elementor-section-height-default elementor-section-height-default\" data-id=\"87d661a\" data-element_type=\"section\">\n\t\t\t\t\t\t<div class=\"elementor-container elementor-column-gap-default\">\n\t\t\t\t\t<div class=\"elementor-column elementor-col-50 elementor-inner-column elementor-element elementor-element-6721d5a\" data-id=\"6721d5a\" data-element_type=\"column\">\n\t\t\t<div class=\"elementor-widget-wrap\">\n\t\t\t\t\t\t\t\t\t<\/div>\n\t\t<\/div>\n\t\t\t\t<div class=\"elementor-column elementor-col-50 elementor-inner-column elementor-element elementor-element-16ee9b4\" data-id=\"16ee9b4\" data-element_type=\"column\">\n\t\t\t<div class=\"elementor-widget-wrap\">\n\t\t\t\t\t\t\t\t\t<\/div>\n\t\t<\/div>\n\t\t\t\t\t\t\t<\/div>\n\t\t<\/section>\n\t\t\t\t\t<\/div>\n\t\t<\/div>\n\t\t\t\t\t\t\t<\/div>\n\t\t<\/section>\n\t\t\t\t<section class=\"elementor-section elementor-top-section elementor-element elementor-element-9e6f1af elementor-section-boxed elementor-section-height-default elementor-section-height-default\" data-id=\"9e6f1af\" data-element_type=\"section\">\n\t\t\t\t\t\t<div class=\"elementor-container elementor-column-gap-default\">\n\t\t\t\t\t<div class=\"elementor-column elementor-col-100 elementor-top-column elementor-element elementor-element-7413970\" data-id=\"7413970\" data-element_type=\"column\">\n\t\t\t<div class=\"elementor-widget-wrap elementor-element-populated\">\n\t\t\t\t\t\t\t\t<section class=\"elementor-section elementor-inner-section elementor-element elementor-element-798a146 elementor-section-boxed elementor-section-height-default elementor-section-height-default\" data-id=\"798a146\" data-element_type=\"section\">\n\t\t\t\t\t\t<div class=\"elementor-container elementor-column-gap-default\">\n\t\t\t\t\t<div class=\"elementor-column elementor-col-50 elementor-inner-column elementor-element elementor-element-65dac7a\" data-id=\"65dac7a\" data-element_type=\"column\">\n\t\t\t<div class=\"elementor-widget-wrap\">\n\t\t\t\t\t\t\t\t\t<\/div>\n\t\t<\/div>\n\t\t\t\t<div class=\"elementor-column elementor-col-50 elementor-inner-column elementor-element elementor-element-414fcce\" data-id=\"414fcce\" data-element_type=\"column\">\n\t\t\t<div class=\"elementor-widget-wrap\">\n\t\t\t\t\t\t\t\t\t<\/div>\n\t\t<\/div>\n\t\t\t\t\t\t\t<\/div>\n\t\t<\/section>\n\t\t\t\t\t<\/div>\n\t\t<\/div>\n\t\t\t\t\t\t\t<\/div>\n\t\t<\/section>\n\t\t\t\t\t\t\t<\/div>\n\t\t","protected":false},"excerpt":{"rendered":"<p>Passione per l\u2019Italia? PASSIONE PER L&#8217;ITALIA? \u00c8 difficile da spiegare a chi non (ri)conosce questa sensazione. \u00c8 la combinazione del Paese, della sua gente, della passione, del design, della moda, del cibo e dell&#8217;atmosfera che fa s\u00ec che questo mix colpisca il cuore dei suoi estimatori. Non \u00e8 di per s\u00e9 sorprendente che un Paese, &hellip;<\/p>\n<p class=\"read-more\"> <a class=\"\" href=\"https:\/\/scarabello.shop\/it\/passione-per-litalia\/\"> <span class=\"screen-reader-text\">Passione per l\u2019Italia?<\/span> Leggi altro &raquo;<\/a><\/p>\n","protected":false},"author":1,"featured_media":0,"parent":0,"menu_order":0,"comment_status":"closed","ping_status":"closed","template":"","meta":{"inline_featured_image":false,"site-sidebar-layout":"no-sidebar","site-content-layout":"page-builder","ast-site-content-layout":"","site-content-style":"default","site-sidebar-style":"default","ast-global-header-display":"","ast-banner-title-visibility":"","ast-main-header-display":"","ast-hfb-above-header-display":"","ast-hfb-below-header-display":"","ast-hfb-mobile-header-display":"","site-post-title":"disabled","ast-breadcrumbs-content":"disabled","ast-featured-img":"disabled","footer-sml-layout":"","theme-transparent-header-meta":"","adv-header-id-meta":"","stick-header-meta":"","header-above-stick-meta":"","header-main-stick-meta":"","header-below-stick-meta":"","astra-migrate-meta-layouts":"","footnotes":""},"_links":{"self":[{"href":"https:\/\/scarabello.shop\/it\/wp-json\/wp\/v2\/pages\/2396"}],"collection":[{"href":"https:\/\/scarabello.shop\/it\/wp-json\/wp\/v2\/pages"}],"about":[{"href":"https:\/\/scarabello.shop\/it\/wp-json\/wp\/v2\/types\/page"}],"author":[{"embeddable":true,"href":"https:\/\/scarabello.shop\/it\/wp-json\/wp\/v2\/users\/1"}],"replies":[{"embeddable":true,"href":"https:\/\/scarabello.shop\/it\/wp-json\/wp\/v2\/comments?post=2396"}],"version-history":[{"count":2,"href":"https:\/\/scarabello.shop\/it\/wp-json\/wp\/v2\/pages\/2396\/revisions"}],"predecessor-version":[{"id":2417,"href":"https:\/\/scarabello.shop\/it\/wp-json\/wp\/v2\/pages\/2396\/revisions\/2417"}],"wp:attachment":[{"href":"https:\/\/scarabello.shop\/it\/wp-json\/wp\/v2\/media?parent=2396"}],"curies":[{"name":"wp","href":"https:\/\/api.w.org\/{rel}","templated":true}]}}