{"id":2886,"date":"2023-05-16T14:36:13","date_gmt":"2023-05-16T14:36:13","guid":{"rendered":"https:\/\/scarabello.shop\/product\/bracelet-cordovado-vert-fonce\/"},"modified":"2023-05-16T14:36:13","modified_gmt":"2023-05-16T14:36:13","slug":"bracelet-cordovado-vert-fonce","status":"publish","type":"product","link":"https:\/\/scarabello.shop\/fr\/produit\/bracelet-cordovado-vert-fonce\/","title":{"rendered":"Bracelet Cordovado Vert fonc\u00e9"},"content":{"rendered":"<p>Bracelet \u00e9l\u00e9gant en argent\/cuir avec fermoir en argent massif. Ce bracelet est disponible en plusieurs couleurs et s&#8217;associe parfaitement aux mod\u00e8les Clauiano, Strassoldo, Venzone, Palmanova et Poffabro, qui sont \u00e9galement disponibles dans les m\u00eames couleurs. Le design italien \u00e0 son meilleur, qui compl\u00e8te toute tenue \u00e9l\u00e9gante.<\/p>\n","protected":false},"excerpt":{"rendered":"<p>Bracelet \u00e9l\u00e9gant en argent\/cuir avec fermoir en argent massif. Ce bracelet est disponible en plusieurs couleurs et s&#8217;associe parfaitement aux mod\u00e8les Clauiano, Strassoldo, Venzone, Palmanova et Poffabro, qui sont \u00e9galement disponibles dans les m\u00eames couleurs. Le design italien \u00e0 son meilleur, qui compl\u00e8te toute tenue \u00e9l\u00e9gante.<\/p>\n","protected":false},"featured_media":2070,"template":"","meta":{"inline_featured_image":false,"site-sidebar-layout":"default","site-content-layout":"default","ast-site-content-layout":"","site-content-style":"default","site-sidebar-style":"default","ast-global-header-display":"","ast-banner-title-visibility":"","ast-main-header-display":"","ast-hfb-above-header-display":"","ast-hfb-below-header-display":"","ast-hfb-mobile-header-display":"","site-post-title":"","ast-breadcrumbs-content":"","ast-featured-img":"","footer-sml-layout":"","theme-transparent-header-meta":"default","adv-header-id-meta":"","stick-header-meta":"","header-above-stick-meta":"","header-main-stick-meta":"","header-below-stick-meta":"","astra-migrate-meta-layouts":""},"product_cat":[85,187],"product_tag":[],"_links":{"self":[{"href":"https:\/\/scarabello.shop\/fr\/wp-json\/wp\/v2\/product\/2886"}],"collection":[{"href":"https:\/\/scarabello.shop\/fr\/wp-json\/wp\/v2\/product"}],"about":[{"href":"https:\/\/scarabello.shop\/fr\/wp-json\/wp\/v2\/types\/product"}],"wp:featuredmedia":[{"embeddable":true,"href":"https:\/\/scarabello.shop\/fr\/wp-json\/wp\/v2\/media\/2070"}],"wp:attachment":[{"href":"https:\/\/scarabello.shop\/fr\/wp-json\/wp\/v2\/media?parent=2886"}],"wp:term":[{"taxonomy":"product_cat","embeddable":true,"href":"https:\/\/scarabello.shop\/fr\/wp-json\/wp\/v2\/product_cat?post=2886"},{"taxonomy":"product_tag","embeddable":true,"href":"https:\/\/scarabello.shop\/fr\/wp-json\/wp\/v2\/product_tag?post=2886"}],"curies":[{"name":"wp","href":"https:\/\/api.w.org\/{rel}","templated":true}]}}