{"id":2770,"date":"2023-05-25T15:08:12","date_gmt":"2023-05-25T15:08:12","guid":{"rendered":"https:\/\/scarabello.shop\/product\/bracelet-venzone-marron-anthracite\/"},"modified":"2023-08-30T08:21:23","modified_gmt":"2023-08-30T08:21:23","slug":"bracelet-venzone-marron-anthracite","status":"publish","type":"product","link":"https:\/\/scarabello.shop\/fr\/produit\/bracelet-venzone-marron-anthracite\/","title":{"rendered":"Bracelet Venzone Marron Anthracite"},"content":{"rendered":"<p>Mini-bracelet \u00e9l\u00e9gant en perles avec int\u00e9rieur en cuir de haute qualit\u00e9. Ce bracelet est disponible en plusieurs couleurs et s&#8217;associe parfaitement aux mod\u00e8les Clauiano, Cordovado, Strassoldo, Palmanova et Poffabro, qui sont \u00e9galement disponibles dans les m\u00eames couleurs. Le meilleur du design italien pour compl\u00e9ter toute tenue \u00e9l\u00e9gante<\/p>\n","protected":false},"excerpt":{"rendered":"<p>Mini-bracelet \u00e9l\u00e9gant en perles avec int\u00e9rieur en cuir de haute qualit\u00e9. Ce bracelet est disponible en plusieurs couleurs et s&#8217;associe parfaitement aux mod\u00e8les Clauiano, Cordovado, Strassoldo, Palmanova et Poffabro, qui sont \u00e9galement disponibles dans les m\u00eames couleurs. Le meilleur du design italien pour compl\u00e9ter toute tenue \u00e9l\u00e9gante<\/p>\n","protected":false},"featured_media":2134,"template":"","meta":{"inline_featured_image":false,"site-sidebar-layout":"default","site-content-layout":"default","ast-site-content-layout":"","site-content-style":"default","site-sidebar-style":"default","ast-global-header-display":"","ast-banner-title-visibility":"","ast-main-header-display":"","ast-hfb-above-header-display":"","ast-hfb-below-header-display":"","ast-hfb-mobile-header-display":"","site-post-title":"","ast-breadcrumbs-content":"","ast-featured-img":"","footer-sml-layout":"","theme-transparent-header-meta":"default","adv-header-id-meta":"","stick-header-meta":"","header-above-stick-meta":"","header-main-stick-meta":"","header-below-stick-meta":"","astra-migrate-meta-layouts":""},"product_cat":[177],"product_tag":[],"_links":{"self":[{"href":"https:\/\/scarabello.shop\/fr\/wp-json\/wp\/v2\/product\/2770"}],"collection":[{"href":"https:\/\/scarabello.shop\/fr\/wp-json\/wp\/v2\/product"}],"about":[{"href":"https:\/\/scarabello.shop\/fr\/wp-json\/wp\/v2\/types\/product"}],"wp:featuredmedia":[{"embeddable":true,"href":"https:\/\/scarabello.shop\/fr\/wp-json\/wp\/v2\/media\/2134"}],"wp:attachment":[{"href":"https:\/\/scarabello.shop\/fr\/wp-json\/wp\/v2\/media?parent=2770"}],"wp:term":[{"taxonomy":"product_cat","embeddable":true,"href":"https:\/\/scarabello.shop\/fr\/wp-json\/wp\/v2\/product_cat?post=2770"},{"taxonomy":"product_tag","embeddable":true,"href":"https:\/\/scarabello.shop\/fr\/wp-json\/wp\/v2\/product_tag?post=2770"}],"curies":[{"name":"wp","href":"https:\/\/api.w.org\/{rel}","templated":true}]}}