{"id":2727,"date":"2023-05-26T20:31:21","date_gmt":"2023-05-26T20:31:21","guid":{"rendered":"https:\/\/scarabello.shop\/product\/bracelet-palmanova-marron\/"},"modified":"2023-08-29T13:40:23","modified_gmt":"2023-08-29T13:40:23","slug":"bracelet-palmanova-marron","status":"publish","type":"product","link":"https:\/\/scarabello.shop\/fr\/produit\/bracelet-palmanova-marron\/","title":{"rendered":"Bracelet Palmanova marron"},"content":{"rendered":"<p>Bracelet \u00e9l\u00e9gant et raffin\u00e9 en argent sterling avec cordon de haute qualit\u00e9 comme couleur de contraste. Ce bracelet est disponible en plusieurs couleurs et s&#8217;associe parfaitement aux mod\u00e8les Clauiano, Cordovado, Strassoldo, Venzone et Poffabro, qui sont \u00e9galement disponibles dans les m\u00eames couleurs. Le meilleur du design italien pour compl\u00e9ter toute tenue \u00e9l\u00e9gante<\/p>\n","protected":false},"excerpt":{"rendered":"<p>Bracelet \u00e9l\u00e9gant et raffin\u00e9 en argent sterling avec cordon de haute qualit\u00e9 comme couleur de contraste. Ce bracelet est disponible en plusieurs couleurs et s&#8217;associe parfaitement aux mod\u00e8les Clauiano, Cordovado, Strassoldo, Venzone et Poffabro, qui sont \u00e9galement disponibles dans les m\u00eames couleurs. Le meilleur du design italien pour compl\u00e9ter toute tenue \u00e9l\u00e9gante<\/p>\n","protected":false},"featured_media":2166,"template":"","meta":{"inline_featured_image":false,"site-sidebar-layout":"default","site-content-layout":"default","ast-site-content-layout":"","site-content-style":"default","site-sidebar-style":"default","ast-global-header-display":"","ast-banner-title-visibility":"","ast-main-header-display":"","ast-hfb-above-header-display":"","ast-hfb-below-header-display":"","ast-hfb-mobile-header-display":"","site-post-title":"","ast-breadcrumbs-content":"","ast-featured-img":"","footer-sml-layout":"","theme-transparent-header-meta":"default","adv-header-id-meta":"","stick-header-meta":"","header-above-stick-meta":"","header-main-stick-meta":"","header-below-stick-meta":"","astra-migrate-meta-layouts":""},"product_cat":[85,148],"product_tag":[],"_links":{"self":[{"href":"https:\/\/scarabello.shop\/fr\/wp-json\/wp\/v2\/product\/2727"}],"collection":[{"href":"https:\/\/scarabello.shop\/fr\/wp-json\/wp\/v2\/product"}],"about":[{"href":"https:\/\/scarabello.shop\/fr\/wp-json\/wp\/v2\/types\/product"}],"wp:featuredmedia":[{"embeddable":true,"href":"https:\/\/scarabello.shop\/fr\/wp-json\/wp\/v2\/media\/2166"}],"wp:attachment":[{"href":"https:\/\/scarabello.shop\/fr\/wp-json\/wp\/v2\/media?parent=2727"}],"wp:term":[{"taxonomy":"product_cat","embeddable":true,"href":"https:\/\/scarabello.shop\/fr\/wp-json\/wp\/v2\/product_cat?post=2727"},{"taxonomy":"product_tag","embeddable":true,"href":"https:\/\/scarabello.shop\/fr\/wp-json\/wp\/v2\/product_tag?post=2727"}],"curies":[{"name":"wp","href":"https:\/\/api.w.org\/{rel}","templated":true}]}}