{"id":2558,"date":"2023-08-28T12:32:28","date_gmt":"2023-08-28T12:32:28","guid":{"rendered":"https:\/\/scarabello.shop\/product\/lunettes-de-soleil-biondetti-noir-jaune\/"},"modified":"2023-08-28T12:32:28","modified_gmt":"2023-08-28T12:32:28","slug":"lunettes-de-soleil-biondetti-noir-jaune","status":"publish","type":"product","link":"https:\/\/scarabello.shop\/fr\/produit\/lunettes-de-soleil-biondetti-noir-jaune\/","title":{"rendered":"Lunettes de soleil-Biondetti-Noir\/Jaune"},"content":{"rendered":"<p>Ces lunettes de soleil sont de la meilleure qualit\u00e9 possible. Produit dans une petite usine de la Basilicate (sud de l&#8217;Italie). Naturellement \u00e9quip\u00e9es de verres polarisants apaisants dans une monture sportive contemporaine. Clemente Biondetti \u00e9tait un pilote italien de Formule 1. Il a remport\u00e9 quatre fois la Mille Miglia. Deux fois pour Alfa Romeo et deux fois pour Ferrari.<\/p>\n","protected":false},"excerpt":{"rendered":"<p>Ces lunettes de soleil sont de la meilleure qualit\u00e9 possible. Produit dans une petite usine de la Basilicate (sud de l&#8217;Italie). Naturellement \u00e9quip\u00e9es de verres polarisants apaisants dans une monture sportive contemporaine. Clemente Biondetti \u00e9tait un pilote italien de Formule 1. Il a remport\u00e9 quatre fois la Mille Miglia. Deux fois pour Alfa Romeo et deux fois pour Ferrari.<\/p>\n","protected":false},"featured_media":2554,"template":"","meta":{"inline_featured_image":false,"site-sidebar-layout":"default","site-content-layout":"","ast-site-content-layout":"","site-content-style":"default","site-sidebar-style":"default","ast-global-header-display":"","ast-banner-title-visibility":"","ast-main-header-display":"","ast-hfb-above-header-display":"","ast-hfb-below-header-display":"","ast-hfb-mobile-header-display":"","site-post-title":"","ast-breadcrumbs-content":"","ast-featured-img":"","footer-sml-layout":"","theme-transparent-header-meta":"default","adv-header-id-meta":"","stick-header-meta":"","header-above-stick-meta":"","header-main-stick-meta":"","header-below-stick-meta":"","astra-migrate-meta-layouts":""},"product_cat":[104,103],"product_tag":[],"_links":{"self":[{"href":"https:\/\/scarabello.shop\/fr\/wp-json\/wp\/v2\/product\/2558"}],"collection":[{"href":"https:\/\/scarabello.shop\/fr\/wp-json\/wp\/v2\/product"}],"about":[{"href":"https:\/\/scarabello.shop\/fr\/wp-json\/wp\/v2\/types\/product"}],"wp:featuredmedia":[{"embeddable":true,"href":"https:\/\/scarabello.shop\/fr\/wp-json\/wp\/v2\/media\/2554"}],"wp:attachment":[{"href":"https:\/\/scarabello.shop\/fr\/wp-json\/wp\/v2\/media?parent=2558"}],"wp:term":[{"taxonomy":"product_cat","embeddable":true,"href":"https:\/\/scarabello.shop\/fr\/wp-json\/wp\/v2\/product_cat?post=2558"},{"taxonomy":"product_tag","embeddable":true,"href":"https:\/\/scarabello.shop\/fr\/wp-json\/wp\/v2\/product_tag?post=2558"}],"curies":[{"name":"wp","href":"https:\/\/api.w.org\/{rel}","templated":true}]}}