{"id":2533,"date":"2023-05-31T13:20:42","date_gmt":"2023-05-31T13:20:42","guid":{"rendered":"https:\/\/scarabello.shop\/product\/ensemble-de-bracelets-gris\/"},"modified":"2024-01-01T01:58:05","modified_gmt":"2024-01-01T01:58:05","slug":"ensemble-bracelets-gris-2","status":"publish","type":"product","link":"https:\/\/scarabello.shop\/fr\/produit\/ensemble-bracelets-gris-2\/","title":{"rendered":"Ensemble de bracelets gris"},"content":{"rendered":"<p>Cet ensemble unique de bracelets se compose du bracelet Strassoldo et du bracelet Palmanova en vert fonc\u00e9, combin\u00e9s \u00e0 un bracelet \u00e0 cordon fin libre dans une combinaison de trois couleurs : gris fonc\u00e9, gris clair et blanc. Ensemble, ils forment une combinaison \u00e9l\u00e9gante<\/p>\n","protected":false},"excerpt":{"rendered":"<p>Cet ensemble unique de bracelets se compose du bracelet Strassoldo et du bracelet Palmanova en vert fonc\u00e9, combin\u00e9s \u00e0 un bracelet \u00e0 cordon fin libre dans une combinaison de trois couleurs : gris fonc\u00e9, gris clair et blanc. Ensemble, ils forment une combinaison \u00e9l\u00e9gante<\/p>\n","protected":false},"featured_media":2214,"template":"","meta":{"inline_featured_image":false,"site-sidebar-layout":"default","site-content-layout":"default","ast-site-content-layout":"","site-content-style":"default","site-sidebar-style":"default","ast-global-header-display":"","ast-banner-title-visibility":"","ast-main-header-display":"","ast-hfb-above-header-display":"","ast-hfb-below-header-display":"","ast-hfb-mobile-header-display":"","site-post-title":"","ast-breadcrumbs-content":"","ast-featured-img":"","footer-sml-layout":"","theme-transparent-header-meta":"default","adv-header-id-meta":"","stick-header-meta":"","header-above-stick-meta":"","header-main-stick-meta":"","header-below-stick-meta":"","astra-migrate-meta-layouts":""},"product_cat":[85,148,147],"product_tag":[],"_links":{"self":[{"href":"https:\/\/scarabello.shop\/fr\/wp-json\/wp\/v2\/product\/2533"}],"collection":[{"href":"https:\/\/scarabello.shop\/fr\/wp-json\/wp\/v2\/product"}],"about":[{"href":"https:\/\/scarabello.shop\/fr\/wp-json\/wp\/v2\/types\/product"}],"wp:featuredmedia":[{"embeddable":true,"href":"https:\/\/scarabello.shop\/fr\/wp-json\/wp\/v2\/media\/2214"}],"wp:attachment":[{"href":"https:\/\/scarabello.shop\/fr\/wp-json\/wp\/v2\/media?parent=2533"}],"wp:term":[{"taxonomy":"product_cat","embeddable":true,"href":"https:\/\/scarabello.shop\/fr\/wp-json\/wp\/v2\/product_cat?post=2533"},{"taxonomy":"product_tag","embeddable":true,"href":"https:\/\/scarabello.shop\/fr\/wp-json\/wp\/v2\/product_tag?post=2533"}],"curies":[{"name":"wp","href":"https:\/\/api.w.org\/{rel}","templated":true}]}}