{"id":2499,"date":"2023-06-02T19:31:15","date_gmt":"2023-06-02T19:31:15","guid":{"rendered":"https:\/\/scarabello.shop\/product\/sac-a-main-tropea-marron\/"},"modified":"2023-06-02T19:31:15","modified_gmt":"2023-06-02T19:31:15","slug":"sacs-sac-a-main-tropea-marron","status":"publish","type":"product","link":"https:\/\/scarabello.shop\/fr\/produit\/sacs-sac-a-main-tropea-marron\/","title":{"rendered":"Sac \u00e0 main Tropea Marron"},"content":{"rendered":"<p>Ce sac \u00e0 main de cr\u00e9ateur est fabriqu\u00e9 \u00e0 partir du cuir de veau italien le plus fin. Les dimensions sont 36cm x 16cm x 35cm (L x L x H). Un design unique, disponible dans une couleur marron cognac tr\u00e8s \u00e9l\u00e9gante. Con\u00e7ue et fabriqu\u00e9e \u00e0 Florence, la plus belle ville d&#8217;Italie du Nord.<\/p>\n","protected":false},"excerpt":{"rendered":"<p>Ce sac \u00e0 main de cr\u00e9ateur est fabriqu\u00e9 \u00e0 partir du cuir de veau italien le plus fin. Les dimensions sont 36cm x 16cm x 35cm (L x L x H). Un design unique, disponible dans une couleur marron cognac tr\u00e8s \u00e9l\u00e9gante. Con\u00e7ue et fabriqu\u00e9e \u00e0 Florence, la plus belle ville d&#8217;Italie du Nord.<\/p>\n","protected":false},"featured_media":2270,"template":"","meta":{"inline_featured_image":false,"site-sidebar-layout":"default","site-content-layout":"default","ast-site-content-layout":"","site-content-style":"default","site-sidebar-style":"default","ast-global-header-display":"","ast-banner-title-visibility":"","ast-main-header-display":"","ast-hfb-above-header-display":"","ast-hfb-below-header-display":"","ast-hfb-mobile-header-display":"","site-post-title":"","ast-breadcrumbs-content":"","ast-featured-img":"","footer-sml-layout":"","theme-transparent-header-meta":"default","adv-header-id-meta":"","stick-header-meta":"","header-above-stick-meta":"","header-main-stick-meta":"","header-below-stick-meta":"","astra-migrate-meta-layouts":""},"product_cat":[111,138],"product_tag":[],"_links":{"self":[{"href":"https:\/\/scarabello.shop\/fr\/wp-json\/wp\/v2\/product\/2499"}],"collection":[{"href":"https:\/\/scarabello.shop\/fr\/wp-json\/wp\/v2\/product"}],"about":[{"href":"https:\/\/scarabello.shop\/fr\/wp-json\/wp\/v2\/types\/product"}],"wp:featuredmedia":[{"embeddable":true,"href":"https:\/\/scarabello.shop\/fr\/wp-json\/wp\/v2\/media\/2270"}],"wp:attachment":[{"href":"https:\/\/scarabello.shop\/fr\/wp-json\/wp\/v2\/media?parent=2499"}],"wp:term":[{"taxonomy":"product_cat","embeddable":true,"href":"https:\/\/scarabello.shop\/fr\/wp-json\/wp\/v2\/product_cat?post=2499"},{"taxonomy":"product_tag","embeddable":true,"href":"https:\/\/scarabello.shop\/fr\/wp-json\/wp\/v2\/product_tag?post=2499"}],"curies":[{"name":"wp","href":"https:\/\/api.w.org\/{rel}","templated":true}]}}