{"id":2392,"date":"2023-05-25T14:21:01","date_gmt":"2023-05-25T14:21:01","guid":{"rendered":"https:\/\/scarabello.shop\/la-passion-de-litalie\/"},"modified":"2023-08-26T17:28:16","modified_gmt":"2023-08-26T17:28:16","slug":"la-passion-de-litalie","status":"publish","type":"page","link":"https:\/\/scarabello.shop\/fr\/la-passion-de-litalie\/","title":{"rendered":"La passion de l&#8217;Italie"},"content":{"rendered":"\t\t<div data-elementor-type=\"wp-page\" data-elementor-id=\"2392\" class=\"elementor elementor-2392 elementor-1707\" data-elementor-post-type=\"page\">\n\t\t\t\t\t\t\t\t\t<section class=\"elementor-section elementor-top-section elementor-element elementor-element-c7d5626 elementor-section-boxed elementor-section-height-default elementor-section-height-default\" data-id=\"c7d5626\" data-element_type=\"section\" data-settings=\"{&quot;background_background&quot;:&quot;classic&quot;}\">\n\t\t\t\t\t\t<div class=\"elementor-container elementor-column-gap-no\">\n\t\t\t\t\t<div class=\"elementor-column elementor-col-100 elementor-top-column elementor-element elementor-element-3d90566\" data-id=\"3d90566\" data-element_type=\"column\">\n\t\t\t<div class=\"elementor-widget-wrap elementor-element-populated\">\n\t\t\t\t\t\t\t\t<div class=\"elementor-element elementor-element-4450677 elementor-widget elementor-widget-heading\" data-id=\"4450677\" data-element_type=\"widget\" data-widget_type=\"heading.default\">\n\t\t\t\t<div class=\"elementor-widget-container\">\n\t\t\t<style>\/*! elementor - v3.16.0 - 12-09-2023 *\/\n.elementor-heading-title{padding:0;margin:0;line-height:1}.elementor-widget-heading .elementor-heading-title[class*=elementor-size-]>a{color:inherit;font-size:inherit;line-height:inherit}.elementor-widget-heading .elementor-heading-title.elementor-size-small{font-size:15px}.elementor-widget-heading .elementor-heading-title.elementor-size-medium{font-size:19px}.elementor-widget-heading .elementor-heading-title.elementor-size-large{font-size:29px}.elementor-widget-heading .elementor-heading-title.elementor-size-xl{font-size:39px}.elementor-widget-heading .elementor-heading-title.elementor-size-xxl{font-size:59px}<\/style><h1 class=\"elementor-heading-title elementor-size-default\">La passion de l'Italie<\/h1>\t\t<\/div>\n\t\t\t\t<\/div>\n\t\t\t\t\t<\/div>\n\t\t<\/div>\n\t\t\t\t\t\t\t<\/div>\n\t\t<\/section>\n\t\t\t\t<section class=\"elementor-section elementor-top-section elementor-element elementor-element-7c8bef9 elementor-section-boxed elementor-section-height-default elementor-section-height-default\" data-id=\"7c8bef9\" data-element_type=\"section\">\n\t\t\t\t\t\t<div class=\"elementor-container elementor-column-gap-no\">\n\t\t\t\t\t<div class=\"elementor-column elementor-col-100 elementor-top-column elementor-element elementor-element-66d72db\" data-id=\"66d72db\" data-element_type=\"column\">\n\t\t\t<div class=\"elementor-widget-wrap elementor-element-populated\">\n\t\t\t\t\t\t\t\t<div class=\"elementor-element elementor-element-85f1f32 elementor-widget elementor-widget-heading\" data-id=\"85f1f32\" data-element_type=\"widget\" data-widget_type=\"heading.default\">\n\t\t\t\t<div class=\"elementor-widget-container\">\n\t\t\t<h2 class=\"elementor-heading-title elementor-size-default\">LA PASSION DE L'ITALIE?<\/h2>\t\t<\/div>\n\t\t\t\t<\/div>\n\t\t\t\t<div class=\"elementor-element elementor-element-7deff9e elementor-widget elementor-widget-text-editor\" data-id=\"7deff9e\" data-element_type=\"widget\" data-widget_type=\"text-editor.default\">\n\t\t\t\t<div class=\"elementor-widget-container\">\n\t\t\t<style>\/*! elementor - v3.16.0 - 12-09-2023 *\/\n.elementor-widget-text-editor.elementor-drop-cap-view-stacked .elementor-drop-cap{background-color:#69727d;color:#fff}.elementor-widget-text-editor.elementor-drop-cap-view-framed .elementor-drop-cap{color:#69727d;border:3px solid;background-color:transparent}.elementor-widget-text-editor:not(.elementor-drop-cap-view-default) .elementor-drop-cap{margin-top:8px}.elementor-widget-text-editor:not(.elementor-drop-cap-view-default) .elementor-drop-cap-letter{width:1em;height:1em}.elementor-widget-text-editor .elementor-drop-cap{float:left;text-align:center;line-height:1;font-size:50px}.elementor-widget-text-editor .elementor-drop-cap-letter{display:inline-block}<\/style>\t\t\t\t<p>Il est difficile d&#8217;expliquer ce sentiment \u00e0 ceux qui ne le (re)connaissent pas. C&#8217;est la combinaison du pays, de ses habitants, de la passion, du design, de la mode, de la nourriture et de l&#8217;atmosph\u00e8re qui fait que ce m\u00e9lange touche le c\u0153ur de ses admirateurs.<\/p>\n<p>Il n&#8217;est pas surprenant qu&#8217;un pays qui \u00e9tait d\u00e9j\u00e0 le centre de l&#8217;Empire romain dans l&#8217;Antiquit\u00e9 et o\u00f9 la Toscane \u00e9tait le berceau de la Renaissance capte encore l&#8217;imagination. En Italie, tout est ancr\u00e9 dans l&#8217;histoire ancienne et la passion. Dans toute l&#8217;Italie, vous \u00eates immerg\u00e9 dans l&#8217;histoire. Dans toute l&#8217;Italie, vous \u00eates immerg\u00e9 dans l&#8217;histoire.<\/p>\n\t\t\t\t\t\t<\/div>\n\t\t\t\t<\/div>\n\t\t\t\t<section class=\"elementor-section elementor-inner-section elementor-element elementor-element-df2436d elementor-section-boxed elementor-section-height-default elementor-section-height-default\" data-id=\"df2436d\" data-element_type=\"section\">\n\t\t\t\t\t\t<div class=\"elementor-container elementor-column-gap-default\">\n\t\t\t\t\t<div class=\"elementor-column elementor-col-100 elementor-inner-column elementor-element elementor-element-e58d2f6\" data-id=\"e58d2f6\" data-element_type=\"column\">\n\t\t\t<div class=\"elementor-widget-wrap elementor-element-populated\">\n\t\t\t\t\t\t\t\t<div class=\"elementor-element elementor-element-df3aa3b elementor-widget elementor-widget-text-editor\" data-id=\"df3aa3b\" data-element_type=\"widget\" data-widget_type=\"text-editor.default\">\n\t\t\t\t<div class=\"elementor-widget-container\">\n\t\t\t\t\t\t\t<p>Les nouvelles cr\u00e9ations les plus raffin\u00e9es, qu&#8217;il s&#8217;agisse de la collection d&#8217;une c\u00e9l\u00e8bre maison de couture, d&#8217;objets d&#8217;art en verre souffl\u00e9 \u00e0 la main et uniques de <a href=\"https:\/\/nl.wikipedia.org\/wiki\/Murano\">Murano<\/a> ou d&#8217;une nouvelle <a href=\"https:\/\/www.ducati.com\/nl\/nl\/bikes\/panigale\/panigale-v4-sp\">Ducati Panigale<\/a>, trouvent leurs racines quelque part chez <a href=\"https:\/\/nl.wikipedia.org\/wiki\/Sandro_Botticelli\">Botticelli,<\/a> <a href=\"https:\/\/nl.wikipedia.org\/wiki\/Leonardo_da_Vinci\">Da Vinci<\/a> ou <a href=\"https:\/\/nl.wikipedia.org\/wiki\/Michelangelo_Buonarroti\">Michel-Ange.<\/a> C&#8217;est sans doute la raison pour laquelle ces nouvelles cr\u00e9ations modernes n&#8217;ont toujours pas leur place sur les places s\u00e9culaires du pays. C&#8217;est l\u00e0 que la nonna italienne ach\u00e8te ses ingr\u00e9dients frais pour pr\u00e9parer des p\u00e2tes encore fra\u00eeches.<\/p>\n<p>Les Italiens savent mieux que quiconque \u00e9lever leurs traditions s\u00e9culaires au rang d&#8217;art v\u00e9ritable. Bien s\u00fbr, dans un pays qui existe depuis tant de si\u00e8cles, certaines choses ont \u00e9t\u00e9 disput\u00e9es. Entre quartiers, villes et r\u00e9gions enti\u00e8res. Cette rivalit\u00e9 entre les diff\u00e9rents groupes est toujours d&#8217;actualit\u00e9. Vouloir toujours \u00eatre meilleur que l&#8217;autre a aussi conduit au d\u00e9veloppement des plus beaux produits.<\/p>\n<p>La passion pure, le plaisir des belles choses et des exp\u00e9riences de la vie, de la bonne cuisine, d&#8217;un espresso parfait et l&#8217;envie de partager cela avec ses amis, voil\u00e0 ce que nous aimons repr\u00e9senter chez ScaraBello. Nous sommes convaincus que cette passion partag\u00e9e cr\u00e9e un lien tr\u00e8s diff\u00e9rent avec nos clients qu&#8217;une autre marque moyenne ne pourra jamais avoir.<\/p>\n\t\t\t\t\t\t<\/div>\n\t\t\t\t<\/div>\n\t\t\t\t<div class=\"elementor-element elementor-element-c109ee7 elementor-widget elementor-widget-button\" data-id=\"c109ee7\" data-element_type=\"widget\" data-widget_type=\"button.default\">\n\t\t\t\t<div class=\"elementor-widget-container\">\n\t\t\t\t\t<div class=\"elementor-button-wrapper\">\n\t\t\t<a class=\"elementor-button elementor-button-link elementor-size-sm\" href=\"https:\/\/scarabello.shop\/shop\/\">\n\t\t\t\t\t\t<span class=\"elementor-button-content-wrapper\">\n\t\t\t\t\t\t<span class=\"elementor-button-text\">Consulter nos produits<\/span>\n\t\t<\/span>\n\t\t\t\t\t<\/a>\n\t\t<\/div>\n\t\t\t\t<\/div>\n\t\t\t\t<\/div>\n\t\t\t\t\t<\/div>\n\t\t<\/div>\n\t\t\t\t\t\t\t<\/div>\n\t\t<\/section>\n\t\t\t\t\t<\/div>\n\t\t<\/div>\n\t\t\t\t\t\t\t<\/div>\n\t\t<\/section>\n\t\t\t\t<section class=\"elementor-section elementor-top-section elementor-element elementor-element-a79a3fd elementor-section-boxed elementor-section-height-default elementor-section-height-default\" data-id=\"a79a3fd\" data-element_type=\"section\">\n\t\t\t\t\t\t<div class=\"elementor-container elementor-column-gap-default\">\n\t\t\t\t\t<div class=\"elementor-column elementor-col-100 elementor-top-column elementor-element elementor-element-2f47b9b\" data-id=\"2f47b9b\" data-element_type=\"column\">\n\t\t\t<div class=\"elementor-widget-wrap elementor-element-populated\">\n\t\t\t\t\t\t\t\t<section class=\"elementor-section elementor-inner-section elementor-element elementor-element-87d661a elementor-section-boxed elementor-section-height-default elementor-section-height-default\" data-id=\"87d661a\" data-element_type=\"section\">\n\t\t\t\t\t\t<div class=\"elementor-container elementor-column-gap-default\">\n\t\t\t\t\t<div class=\"elementor-column elementor-col-50 elementor-inner-column elementor-element elementor-element-6721d5a\" data-id=\"6721d5a\" data-element_type=\"column\">\n\t\t\t<div class=\"elementor-widget-wrap\">\n\t\t\t\t\t\t\t\t\t<\/div>\n\t\t<\/div>\n\t\t\t\t<div class=\"elementor-column elementor-col-50 elementor-inner-column elementor-element elementor-element-16ee9b4\" data-id=\"16ee9b4\" data-element_type=\"column\">\n\t\t\t<div class=\"elementor-widget-wrap\">\n\t\t\t\t\t\t\t\t\t<\/div>\n\t\t<\/div>\n\t\t\t\t\t\t\t<\/div>\n\t\t<\/section>\n\t\t\t\t\t<\/div>\n\t\t<\/div>\n\t\t\t\t\t\t\t<\/div>\n\t\t<\/section>\n\t\t\t\t<section class=\"elementor-section elementor-top-section elementor-element elementor-element-9e6f1af elementor-section-boxed elementor-section-height-default elementor-section-height-default\" data-id=\"9e6f1af\" data-element_type=\"section\">\n\t\t\t\t\t\t<div class=\"elementor-container elementor-column-gap-default\">\n\t\t\t\t\t<div class=\"elementor-column elementor-col-100 elementor-top-column elementor-element elementor-element-7413970\" data-id=\"7413970\" data-element_type=\"column\">\n\t\t\t<div class=\"elementor-widget-wrap elementor-element-populated\">\n\t\t\t\t\t\t\t\t<section class=\"elementor-section elementor-inner-section elementor-element elementor-element-798a146 elementor-section-boxed elementor-section-height-default elementor-section-height-default\" data-id=\"798a146\" data-element_type=\"section\">\n\t\t\t\t\t\t<div class=\"elementor-container elementor-column-gap-default\">\n\t\t\t\t\t<div class=\"elementor-column elementor-col-50 elementor-inner-column elementor-element elementor-element-65dac7a\" data-id=\"65dac7a\" data-element_type=\"column\">\n\t\t\t<div class=\"elementor-widget-wrap\">\n\t\t\t\t\t\t\t\t\t<\/div>\n\t\t<\/div>\n\t\t\t\t<div class=\"elementor-column elementor-col-50 elementor-inner-column elementor-element elementor-element-414fcce\" data-id=\"414fcce\" data-element_type=\"column\">\n\t\t\t<div class=\"elementor-widget-wrap\">\n\t\t\t\t\t\t\t\t\t<\/div>\n\t\t<\/div>\n\t\t\t\t\t\t\t<\/div>\n\t\t<\/section>\n\t\t\t\t\t<\/div>\n\t\t<\/div>\n\t\t\t\t\t\t\t<\/div>\n\t\t<\/section>\n\t\t\t\t\t\t\t<\/div>\n\t\t","protected":false},"excerpt":{"rendered":"<p>La passion de l&#8217;Italie LA PASSION DE L&#8217;ITALIE? Il est difficile d&#8217;expliquer ce sentiment \u00e0 ceux qui ne le (re)connaissent pas. C&#8217;est la combinaison du pays, de ses habitants, de la passion, du design, de la mode, de la nourriture et de l&#8217;atmosph\u00e8re qui fait que ce m\u00e9lange touche le c\u0153ur de ses admirateurs. Il &hellip;<\/p>\n<p class=\"read-more\"> <a class=\"\" href=\"https:\/\/scarabello.shop\/fr\/la-passion-de-litalie\/\"> <span class=\"screen-reader-text\">La passion de l&#8217;Italie<\/span> Lire la suite\u00a0\u00bb<\/a><\/p>\n","protected":false},"author":1,"featured_media":0,"parent":0,"menu_order":0,"comment_status":"closed","ping_status":"closed","template":"","meta":{"inline_featured_image":false,"site-sidebar-layout":"no-sidebar","site-content-layout":"page-builder","ast-site-content-layout":"","site-content-style":"default","site-sidebar-style":"default","ast-global-header-display":"","ast-banner-title-visibility":"","ast-main-header-display":"","ast-hfb-above-header-display":"","ast-hfb-below-header-display":"","ast-hfb-mobile-header-display":"","site-post-title":"disabled","ast-breadcrumbs-content":"disabled","ast-featured-img":"disabled","footer-sml-layout":"","theme-transparent-header-meta":"","adv-header-id-meta":"","stick-header-meta":"","header-above-stick-meta":"","header-main-stick-meta":"","header-below-stick-meta":"","astra-migrate-meta-layouts":"","footnotes":""},"_links":{"self":[{"href":"https:\/\/scarabello.shop\/fr\/wp-json\/wp\/v2\/pages\/2392"}],"collection":[{"href":"https:\/\/scarabello.shop\/fr\/wp-json\/wp\/v2\/pages"}],"about":[{"href":"https:\/\/scarabello.shop\/fr\/wp-json\/wp\/v2\/types\/page"}],"author":[{"embeddable":true,"href":"https:\/\/scarabello.shop\/fr\/wp-json\/wp\/v2\/users\/1"}],"replies":[{"embeddable":true,"href":"https:\/\/scarabello.shop\/fr\/wp-json\/wp\/v2\/comments?post=2392"}],"version-history":[{"count":2,"href":"https:\/\/scarabello.shop\/fr\/wp-json\/wp\/v2\/pages\/2392\/revisions"}],"predecessor-version":[{"id":2416,"href":"https:\/\/scarabello.shop\/fr\/wp-json\/wp\/v2\/pages\/2392\/revisions\/2416"}],"wp:attachment":[{"href":"https:\/\/scarabello.shop\/fr\/wp-json\/wp\/v2\/media?parent=2392"}],"curies":[{"name":"wp","href":"https:\/\/api.w.org\/{rel}","templated":true}]}}