{"id":2325,"date":"2023-06-01T14:23:00","date_gmt":"2023-06-01T14:23:00","guid":{"rendered":"https:\/\/scarabello.shop\/maniago\/"},"modified":"2023-08-26T12:55:18","modified_gmt":"2023-08-26T12:55:18","slug":"maniago","status":"publish","type":"page","link":"https:\/\/scarabello.shop\/fr\/maniago\/","title":{"rendered":"Maniago"},"content":{"rendered":"\t\t<div data-elementor-type=\"wp-page\" data-elementor-id=\"2325\" class=\"elementor elementor-2325 elementor-1781\" data-elementor-post-type=\"page\">\n\t\t\t\t\t\t\t\t\t<section class=\"elementor-section elementor-top-section elementor-element elementor-element-c7d5626 elementor-section-boxed elementor-section-height-default elementor-section-height-default\" data-id=\"c7d5626\" data-element_type=\"section\" data-settings=\"{&quot;background_background&quot;:&quot;classic&quot;}\">\n\t\t\t\t\t\t<div class=\"elementor-container elementor-column-gap-no\">\n\t\t\t\t\t<div class=\"elementor-column elementor-col-100 elementor-top-column elementor-element elementor-element-3d90566\" data-id=\"3d90566\" data-element_type=\"column\">\n\t\t\t<div class=\"elementor-widget-wrap elementor-element-populated\">\n\t\t\t\t\t\t\t\t<div class=\"elementor-element elementor-element-4450677 elementor-widget elementor-widget-heading\" data-id=\"4450677\" data-element_type=\"widget\" data-widget_type=\"heading.default\">\n\t\t\t\t<div class=\"elementor-widget-container\">\n\t\t\t<style>\/*! elementor - v3.16.0 - 12-09-2023 *\/\n.elementor-heading-title{padding:0;margin:0;line-height:1}.elementor-widget-heading .elementor-heading-title[class*=elementor-size-]>a{color:inherit;font-size:inherit;line-height:inherit}.elementor-widget-heading .elementor-heading-title.elementor-size-small{font-size:15px}.elementor-widget-heading .elementor-heading-title.elementor-size-medium{font-size:19px}.elementor-widget-heading .elementor-heading-title.elementor-size-large{font-size:29px}.elementor-widget-heading .elementor-heading-title.elementor-size-xl{font-size:39px}.elementor-widget-heading .elementor-heading-title.elementor-size-xxl{font-size:59px}<\/style><h1 class=\"elementor-heading-title elementor-size-default\">Maniago<\/h1>\t\t<\/div>\n\t\t\t\t<\/div>\n\t\t\t\t\t<\/div>\n\t\t<\/div>\n\t\t\t\t\t\t\t<\/div>\n\t\t<\/section>\n\t\t\t\t<section class=\"elementor-section elementor-top-section elementor-element elementor-element-7c8bef9 elementor-section-boxed elementor-section-height-default elementor-section-height-default\" data-id=\"7c8bef9\" data-element_type=\"section\">\n\t\t\t\t\t\t<div class=\"elementor-container elementor-column-gap-no\">\n\t\t\t\t\t<div class=\"elementor-column elementor-col-100 elementor-top-column elementor-element elementor-element-66d72db\" data-id=\"66d72db\" data-element_type=\"column\">\n\t\t\t<div class=\"elementor-widget-wrap elementor-element-populated\">\n\t\t\t\t\t\t\t\t<div class=\"elementor-element elementor-element-85f1f32 elementor-widget elementor-widget-heading\" data-id=\"85f1f32\" data-element_type=\"widget\" data-widget_type=\"heading.default\">\n\t\t\t\t<div class=\"elementor-widget-container\">\n\t\t\t<h2 class=\"elementor-heading-title elementor-size-default\">Maniago<\/h2>\t\t<\/div>\n\t\t\t\t<\/div>\n\t\t\t\t<div class=\"elementor-element elementor-element-7deff9e elementor-widget elementor-widget-text-editor\" data-id=\"7deff9e\" data-element_type=\"widget\" data-widget_type=\"text-editor.default\">\n\t\t\t\t<div class=\"elementor-widget-container\">\n\t\t\t<style>\/*! elementor - v3.16.0 - 12-09-2023 *\/\n.elementor-widget-text-editor.elementor-drop-cap-view-stacked .elementor-drop-cap{background-color:#69727d;color:#fff}.elementor-widget-text-editor.elementor-drop-cap-view-framed .elementor-drop-cap{color:#69727d;border:3px solid;background-color:transparent}.elementor-widget-text-editor:not(.elementor-drop-cap-view-default) .elementor-drop-cap{margin-top:8px}.elementor-widget-text-editor:not(.elementor-drop-cap-view-default) .elementor-drop-cap-letter{width:1em;height:1em}.elementor-widget-text-editor .elementor-drop-cap{float:left;text-align:center;line-height:1;font-size:50px}.elementor-widget-text-editor .elementor-drop-cap-letter{display:inline-block}<\/style>\t\t\t\t<p>Une petite ville de la province du Frioul-V\u00e9n\u00e9tie Julienne, dans le nord de l&#8217;Italie.<\/p>\n<p>Mais Maniago n&#8217;est pas si insignifiante que cela. Dans cette petite ville, au pied des Pr\u00e9alpes carniques, on produisait il y a des si\u00e8cles toutes sortes de couteaux, d&#8217;\u00e9p\u00e9es et de poignards. On peut dire qu&#8217;aujourd&#8217;hui, la ville est \u00e0 l&#8217;origine de la plus grande production de couteaux d&#8217;Italie.<\/p>\n<p>Il existe des professions qui utilisent les objets tranchants de Maniago. Pensez aux cuisiniers, bouchers, barbiers, agriculteurs, jardiniers, chirurgiens, v\u00e9t\u00e9rinaires, marins, chasseurs, constructeurs, ma\u00e7ons, plongeurs en haute mer, etc. \u00c0 Maniago, tout tourne autour des couteaux. Quelque 70 usines diff\u00e9rentes fabriquent chaque jour non seulement des couteaux (de poche), mais aussi des tire-bouchons, des ciseaux, des couverts, des outils agricoles et des instruments chirurgicaux. Elles emploient pr\u00e8s de 2 000 personnes.<\/p>\n<p>La famille Scarabello est \u00e9galement originaire de cette charmante petite ville et, depuis 2022, un membre de la famille, Umberto Scarabello, est \u00e9galement le nouveau maire de Maniago. Quelques g\u00e9n\u00e9rations apr\u00e8s le d\u00e9part de Giuliano Scarabello pour les Pays-Bas, son petit-fils a\u00een\u00e9 a lanc\u00e9 une nouvelle marque de bijoux sous ce nom. Par respect pour la terre o\u00f9 les designers trouvent l&#8217;inspiration pour cr\u00e9er les produits les plus beaux et les plus sophistiqu\u00e9s.<\/p>\n\t\t\t\t\t\t<\/div>\n\t\t\t\t<\/div>\n\t\t\t\t<div class=\"elementor-element elementor-element-c90ce1e elementor-widget elementor-widget-button\" data-id=\"c90ce1e\" data-element_type=\"widget\" data-widget_type=\"button.default\">\n\t\t\t\t<div class=\"elementor-widget-container\">\n\t\t\t\t\t<div class=\"elementor-button-wrapper\">\n\t\t\t<a class=\"elementor-button elementor-button-link elementor-size-sm\" href=\"https:\/\/scarabello.shop\/shop\/\">\n\t\t\t\t\t\t<span class=\"elementor-button-content-wrapper\">\n\t\t\t\t\t\t<span class=\"elementor-button-text\">Consulter nos produits<\/span>\n\t\t<\/span>\n\t\t\t\t\t<\/a>\n\t\t<\/div>\n\t\t\t\t<\/div>\n\t\t\t\t<\/div>\n\t\t\t\t\t<\/div>\n\t\t<\/div>\n\t\t\t\t\t\t\t<\/div>\n\t\t<\/section>\n\t\t\t\t\t\t\t<\/div>\n\t\t","protected":false},"excerpt":{"rendered":"<p>Maniago Maniago Une petite ville de la province du Frioul-V\u00e9n\u00e9tie Julienne, dans le nord de l&#8217;Italie. Mais Maniago n&#8217;est pas si insignifiante que cela. Dans cette petite ville, au pied des Pr\u00e9alpes carniques, on produisait il y a des si\u00e8cles toutes sortes de couteaux, d&#8217;\u00e9p\u00e9es et de poignards. On peut dire qu&#8217;aujourd&#8217;hui, la ville est &hellip;<\/p>\n<p class=\"read-more\"> <a class=\"\" href=\"https:\/\/scarabello.shop\/fr\/maniago\/\"> <span class=\"screen-reader-text\">Maniago<\/span> Lire la suite\u00a0\u00bb<\/a><\/p>\n","protected":false},"author":1,"featured_media":0,"parent":0,"menu_order":0,"comment_status":"closed","ping_status":"closed","template":"","meta":{"inline_featured_image":false,"site-sidebar-layout":"no-sidebar","site-content-layout":"page-builder","ast-site-content-layout":"","site-content-style":"default","site-sidebar-style":"default","ast-global-header-display":"","ast-banner-title-visibility":"","ast-main-header-display":"","ast-hfb-above-header-display":"","ast-hfb-below-header-display":"","ast-hfb-mobile-header-display":"","site-post-title":"disabled","ast-breadcrumbs-content":"disabled","ast-featured-img":"disabled","footer-sml-layout":"","theme-transparent-header-meta":"","adv-header-id-meta":"","stick-header-meta":"","header-above-stick-meta":"","header-main-stick-meta":"","header-below-stick-meta":"","astra-migrate-meta-layouts":"","footnotes":""},"_links":{"self":[{"href":"https:\/\/scarabello.shop\/fr\/wp-json\/wp\/v2\/pages\/2325"}],"collection":[{"href":"https:\/\/scarabello.shop\/fr\/wp-json\/wp\/v2\/pages"}],"about":[{"href":"https:\/\/scarabello.shop\/fr\/wp-json\/wp\/v2\/types\/page"}],"author":[{"embeddable":true,"href":"https:\/\/scarabello.shop\/fr\/wp-json\/wp\/v2\/users\/1"}],"replies":[{"embeddable":true,"href":"https:\/\/scarabello.shop\/fr\/wp-json\/wp\/v2\/comments?post=2325"}],"version-history":[{"count":1,"href":"https:\/\/scarabello.shop\/fr\/wp-json\/wp\/v2\/pages\/2325\/revisions"}],"predecessor-version":[{"id":2326,"href":"https:\/\/scarabello.shop\/fr\/wp-json\/wp\/v2\/pages\/2325\/revisions\/2326"}],"wp:attachment":[{"href":"https:\/\/scarabello.shop\/fr\/wp-json\/wp\/v2\/media?parent=2325"}],"curies":[{"name":"wp","href":"https:\/\/api.w.org\/{rel}","templated":true}]}}