{"id":2309,"date":"2023-05-11T11:00:46","date_gmt":"2023-05-11T11:00:46","guid":{"rendered":"https:\/\/scarabello.shop\/les-plus-beaux-villages-ditalie\/"},"modified":"2023-08-26T11:09:27","modified_gmt":"2023-08-26T11:09:27","slug":"les-plus-beaux-villages-ditalie","status":"publish","type":"page","link":"https:\/\/scarabello.shop\/fr\/les-plus-beaux-villages-ditalie\/","title":{"rendered":"Les plus beaux villages d&#8217;Italie"},"content":{"rendered":"\t\t<div data-elementor-type=\"wp-page\" data-elementor-id=\"2309\" class=\"elementor elementor-2309 elementor-1478\" data-elementor-post-type=\"page\">\n\t\t\t\t\t\t\t\t\t<section class=\"elementor-section elementor-top-section elementor-element elementor-element-c7d5626 elementor-section-boxed elementor-section-height-default elementor-section-height-default\" data-id=\"c7d5626\" data-element_type=\"section\" data-settings=\"{&quot;background_background&quot;:&quot;classic&quot;}\">\n\t\t\t\t\t\t<div class=\"elementor-container elementor-column-gap-no\">\n\t\t\t\t\t<div class=\"elementor-column elementor-col-100 elementor-top-column elementor-element elementor-element-3d90566\" data-id=\"3d90566\" data-element_type=\"column\">\n\t\t\t<div class=\"elementor-widget-wrap elementor-element-populated\">\n\t\t\t\t\t\t\t\t<div class=\"elementor-element elementor-element-4450677 elementor-widget elementor-widget-heading\" data-id=\"4450677\" data-element_type=\"widget\" data-widget_type=\"heading.default\">\n\t\t\t\t<div class=\"elementor-widget-container\">\n\t\t\t<style>\/*! elementor - v3.16.0 - 12-09-2023 *\/\n.elementor-heading-title{padding:0;margin:0;line-height:1}.elementor-widget-heading .elementor-heading-title[class*=elementor-size-]>a{color:inherit;font-size:inherit;line-height:inherit}.elementor-widget-heading .elementor-heading-title.elementor-size-small{font-size:15px}.elementor-widget-heading .elementor-heading-title.elementor-size-medium{font-size:19px}.elementor-widget-heading .elementor-heading-title.elementor-size-large{font-size:29px}.elementor-widget-heading .elementor-heading-title.elementor-size-xl{font-size:39px}.elementor-widget-heading .elementor-heading-title.elementor-size-xxl{font-size:59px}<\/style><h1 class=\"elementor-heading-title elementor-size-default\">Les plus beaux villages d'Italie<\/h1>\t\t<\/div>\n\t\t\t\t<\/div>\n\t\t\t\t\t<\/div>\n\t\t<\/div>\n\t\t\t\t\t\t\t<\/div>\n\t\t<\/section>\n\t\t\t\t<section class=\"elementor-section elementor-top-section elementor-element elementor-element-7c8bef9 elementor-section-boxed elementor-section-height-default elementor-section-height-default\" data-id=\"7c8bef9\" data-element_type=\"section\">\n\t\t\t\t\t\t<div class=\"elementor-container elementor-column-gap-no\">\n\t\t\t\t\t<div class=\"elementor-column elementor-col-100 elementor-top-column elementor-element elementor-element-66d72db\" data-id=\"66d72db\" data-element_type=\"column\">\n\t\t\t<div class=\"elementor-widget-wrap elementor-element-populated\">\n\t\t\t\t\t\t\t\t<div class=\"elementor-element elementor-element-85f1f32 elementor-widget elementor-widget-heading\" data-id=\"85f1f32\" data-element_type=\"widget\" data-widget_type=\"heading.default\">\n\t\t\t\t<div class=\"elementor-widget-container\">\n\t\t\t<h2 class=\"elementor-heading-title elementor-size-default\">Design italien<\/h2>\t\t<\/div>\n\t\t\t\t<\/div>\n\t\t\t\t<div class=\"elementor-element elementor-element-7deff9e elementor-widget elementor-widget-text-editor\" data-id=\"7deff9e\" data-element_type=\"widget\" data-widget_type=\"text-editor.default\">\n\t\t\t\t<div class=\"elementor-widget-container\">\n\t\t\t<style>\/*! elementor - v3.16.0 - 12-09-2023 *\/\n.elementor-widget-text-editor.elementor-drop-cap-view-stacked .elementor-drop-cap{background-color:#69727d;color:#fff}.elementor-widget-text-editor.elementor-drop-cap-view-framed .elementor-drop-cap{color:#69727d;border:3px solid;background-color:transparent}.elementor-widget-text-editor:not(.elementor-drop-cap-view-default) .elementor-drop-cap{margin-top:8px}.elementor-widget-text-editor:not(.elementor-drop-cap-view-default) .elementor-drop-cap-letter{width:1em;height:1em}.elementor-widget-text-editor .elementor-drop-cap{float:left;text-align:center;line-height:1;font-size:50px}.elementor-widget-text-editor .elementor-drop-cap-letter{display:inline-block}<\/style>\t\t\t\t<p>Le design italien est profond\u00e9ment li\u00e9 aux villages du pays, souvent riches en histoire et en traditions, dont l&#8217;architecture et l&#8217;art sont fa\u00e7onn\u00e9s par des si\u00e8cles d&#8217;influence culturelle. De nombreux designers italiens ont \u00e9t\u00e9 inspir\u00e9s par la beaut\u00e9 et le charme de ces villages, s&#8217;inspirant de leurs styles architecturaux, des mat\u00e9riaux naturels et de l&#8217;artisanat local pour cr\u00e9er des mod\u00e8les uniques et intemporels.<\/p>\n<p>Zo zijn de eenvoudige, elegante lijnen van Italiaanse meubels vaak ge\u00efnspireerd op het strakke, overzichtelijke ontwerp van Italiaanse dorpshuizen, waarin de nadruk ligt op natuurlijke materialen zoals hout en steen. De m\u00eame, les carreaux et mosa\u00efques color\u00e9s qui ornent de nombreuses villas et demeures italiennes ont inspir\u00e9 toute une gamme de c\u00e9ramiques italiennes, des plus traditionnelles aux plus modernes.<\/p>\n\t\t\t\t\t\t<\/div>\n\t\t\t\t<\/div>\n\t\t\t\t<section class=\"elementor-section elementor-inner-section elementor-element elementor-element-df2436d elementor-section-boxed elementor-section-height-default elementor-section-height-default\" data-id=\"df2436d\" data-element_type=\"section\">\n\t\t\t\t\t\t<div class=\"elementor-container elementor-column-gap-default\">\n\t\t\t\t\t<div class=\"elementor-column elementor-col-50 elementor-inner-column elementor-element elementor-element-e58d2f6\" data-id=\"e58d2f6\" data-element_type=\"column\">\n\t\t\t<div class=\"elementor-widget-wrap elementor-element-populated\">\n\t\t\t\t\t\t\t\t<div class=\"elementor-element elementor-element-df3aa3b elementor-widget elementor-widget-text-editor\" data-id=\"df3aa3b\" data-element_type=\"widget\" data-widget_type=\"text-editor.default\">\n\t\t\t\t<div class=\"elementor-widget-container\">\n\t\t\t\t\t\t\t<p>En outre, les villages italiens et les paysages environnants inspirent souvent les cr\u00e9ateurs italiens dans des domaines tels que la mode, l&#8217;art et l&#8217;architecture. De nombreux cr\u00e9ateurs de mode italiens s&#8217;inspirent des couleurs, des motifs et des textures de la campagne italienne, tandis que les architectes italiens sont depuis longtemps r\u00e9put\u00e9s pour leur capacit\u00e9 \u00e0 int\u00e9grer harmonieusement le design moderne \u00e0 l&#8217;architecture traditionnelle.<\/p>\n<p>La beaut\u00e9 et le patrimoine des villages italiens ont jou\u00e9 un r\u00f4le important dans l&#8217;\u00e9laboration du design italien, inspirant des g\u00e9n\u00e9rations de designers italiens \u00e0 cr\u00e9er des designs beaux et fonctionnels profond\u00e9ment enracin\u00e9s dans la riche histoire culturelle du pays.<\/p>\n\t\t\t\t\t\t<\/div>\n\t\t\t\t<\/div>\n\t\t\t\t\t<\/div>\n\t\t<\/div>\n\t\t\t\t<div class=\"elementor-column elementor-col-50 elementor-inner-column elementor-element elementor-element-23f9631\" data-id=\"23f9631\" data-element_type=\"column\">\n\t\t\t<div class=\"elementor-widget-wrap elementor-element-populated\">\n\t\t\t\t\t\t\t\t<div class=\"elementor-element elementor-element-a35a6d1 elementor-widget elementor-widget-image\" data-id=\"a35a6d1\" data-element_type=\"widget\" data-widget_type=\"image.default\">\n\t\t\t\t<div class=\"elementor-widget-container\">\n\t\t\t<style>\/*! elementor - v3.16.0 - 12-09-2023 *\/\n.elementor-widget-image{text-align:center}.elementor-widget-image a{display:inline-block}.elementor-widget-image a img[src$=\".svg\"]{width:48px}.elementor-widget-image img{vertical-align:middle;display:inline-block}<\/style>\t\t\t\t\t\t\t\t\t\t\t\t<img decoding=\"async\" loading=\"lazy\" width=\"1024\" height=\"593\" src=\"https:\/\/scarabello.shop\/wp-content\/uploads\/2023\/05\/ScarbelloHRS-1024x593.jpg\" class=\"attachment-large size-large wp-image-1369\" alt=\"\" srcset=\"https:\/\/scarabello.shop\/wp-content\/uploads\/2023\/05\/ScarbelloHRS-1024x593.jpg 1024w, https:\/\/scarabello.shop\/wp-content\/uploads\/2023\/05\/ScarbelloHRS-300x174.jpg 300w, https:\/\/scarabello.shop\/wp-content\/uploads\/2023\/05\/ScarbelloHRS-768x445.jpg 768w, https:\/\/scarabello.shop\/wp-content\/uploads\/2023\/05\/ScarbelloHRS-1536x890.jpg 1536w, https:\/\/scarabello.shop\/wp-content\/uploads\/2023\/05\/ScarbelloHRS-600x348.jpg 600w, https:\/\/scarabello.shop\/wp-content\/uploads\/2023\/05\/ScarbelloHRS.jpg 2000w\" sizes=\"(max-width: 1024px) 100vw, 1024px\" \/>\t\t\t\t\t\t\t\t\t\t\t\t\t\t\t<\/div>\n\t\t\t\t<\/div>\n\t\t\t\t\t<\/div>\n\t\t<\/div>\n\t\t\t\t\t\t\t<\/div>\n\t\t<\/section>\n\t\t\t\t\t<\/div>\n\t\t<\/div>\n\t\t\t\t\t\t\t<\/div>\n\t\t<\/section>\n\t\t\t\t\t\t\t<\/div>\n\t\t","protected":false},"excerpt":{"rendered":"<p>Les plus beaux villages d&#8217;Italie Design italien Le design italien est profond\u00e9ment li\u00e9 aux villages du pays, souvent riches en histoire et en traditions, dont l&#8217;architecture et l&#8217;art sont fa\u00e7onn\u00e9s par des si\u00e8cles d&#8217;influence culturelle. De nombreux designers italiens ont \u00e9t\u00e9 inspir\u00e9s par la beaut\u00e9 et le charme de ces villages, s&#8217;inspirant de leurs styles &hellip;<\/p>\n<p class=\"read-more\"> <a class=\"\" href=\"https:\/\/scarabello.shop\/fr\/les-plus-beaux-villages-ditalie\/\"> <span class=\"screen-reader-text\">Les plus beaux villages d&#8217;Italie<\/span> Lire la suite\u00a0\u00bb<\/a><\/p>\n","protected":false},"author":1,"featured_media":0,"parent":0,"menu_order":0,"comment_status":"closed","ping_status":"closed","template":"","meta":{"inline_featured_image":false,"site-sidebar-layout":"no-sidebar","site-content-layout":"page-builder","ast-site-content-layout":"","site-content-style":"default","site-sidebar-style":"default","ast-global-header-display":"","ast-banner-title-visibility":"","ast-main-header-display":"","ast-hfb-above-header-display":"","ast-hfb-below-header-display":"","ast-hfb-mobile-header-display":"","site-post-title":"disabled","ast-breadcrumbs-content":"disabled","ast-featured-img":"disabled","footer-sml-layout":"","theme-transparent-header-meta":"","adv-header-id-meta":"","stick-header-meta":"","header-above-stick-meta":"","header-main-stick-meta":"","header-below-stick-meta":"","astra-migrate-meta-layouts":"","footnotes":""},"_links":{"self":[{"href":"https:\/\/scarabello.shop\/fr\/wp-json\/wp\/v2\/pages\/2309"}],"collection":[{"href":"https:\/\/scarabello.shop\/fr\/wp-json\/wp\/v2\/pages"}],"about":[{"href":"https:\/\/scarabello.shop\/fr\/wp-json\/wp\/v2\/types\/page"}],"author":[{"embeddable":true,"href":"https:\/\/scarabello.shop\/fr\/wp-json\/wp\/v2\/users\/1"}],"replies":[{"embeddable":true,"href":"https:\/\/scarabello.shop\/fr\/wp-json\/wp\/v2\/comments?post=2309"}],"version-history":[{"count":1,"href":"https:\/\/scarabello.shop\/fr\/wp-json\/wp\/v2\/pages\/2309\/revisions"}],"predecessor-version":[{"id":2310,"href":"https:\/\/scarabello.shop\/fr\/wp-json\/wp\/v2\/pages\/2309\/revisions\/2310"}],"wp:attachment":[{"href":"https:\/\/scarabello.shop\/fr\/wp-json\/wp\/v2\/media?parent=2309"}],"curies":[{"name":"wp","href":"https:\/\/api.w.org\/{rel}","templated":true}]}}