{"id":2840,"date":"2023-05-16T14:47:18","date_gmt":"2023-05-16T14:47:18","guid":{"rendered":"https:\/\/scarabello.shop\/product\/brazalete-strassoldo-melon-amarillo\/"},"modified":"2023-05-16T14:47:18","modified_gmt":"2023-05-16T14:47:18","slug":"brazalete-strassoldo-melon-amarillo","status":"publish","type":"product","link":"https:\/\/scarabello.shop\/es\/producto\/brazalete-strassoldo-melon-amarillo\/","title":{"rendered":"Brazalete Strassoldo Mel\u00f3n Amarillo"},"content":{"rendered":"<p>Elegante brazalete de cuentas de lava negra con un fino cord\u00f3n entretejido en su interior. Este brazalete est\u00e1 disponible en varios colores y combina a la perfecci\u00f3n con los modelos Clauiano, Cordovado, Venzone, Palmanova y Poffabro, que tambi\u00e9n est\u00e1n disponibles en los mismos colores. El mejor dise\u00f1o italiano para completar cualquier atuendo elegante.<\/p>\n","protected":false},"excerpt":{"rendered":"<p>Elegante brazalete de cuentas de lava negra con un fino cord\u00f3n entretejido en su interior. Este brazalete est\u00e1 disponible en varios colores y combina a la perfecci\u00f3n con los modelos Clauiano y Cordovado, que tambi\u00e9n est\u00e1n disponibles en los mismos colores. El mejor dise\u00f1o italiano para completar cualquier atuendo elegante.<\/p>\n","protected":false},"featured_media":2841,"template":"","meta":{"inline_featured_image":false,"site-sidebar-layout":"default","site-content-layout":"default","ast-site-content-layout":"","site-content-style":"default","site-sidebar-style":"default","ast-global-header-display":"","ast-banner-title-visibility":"","ast-main-header-display":"","ast-hfb-above-header-display":"","ast-hfb-below-header-display":"","ast-hfb-mobile-header-display":"","site-post-title":"","ast-breadcrumbs-content":"","ast-featured-img":"","footer-sml-layout":"","theme-transparent-header-meta":"default","adv-header-id-meta":"","stick-header-meta":"","header-above-stick-meta":"","header-main-stick-meta":"","header-below-stick-meta":"","astra-migrate-meta-layouts":""},"product_cat":[172,173],"product_tag":[],"_links":{"self":[{"href":"https:\/\/scarabello.shop\/es\/wp-json\/wp\/v2\/product\/2840"}],"collection":[{"href":"https:\/\/scarabello.shop\/es\/wp-json\/wp\/v2\/product"}],"about":[{"href":"https:\/\/scarabello.shop\/es\/wp-json\/wp\/v2\/types\/product"}],"wp:featuredmedia":[{"embeddable":true,"href":"https:\/\/scarabello.shop\/es\/wp-json\/wp\/v2\/media\/2841"}],"wp:attachment":[{"href":"https:\/\/scarabello.shop\/es\/wp-json\/wp\/v2\/media?parent=2840"}],"wp:term":[{"taxonomy":"product_cat","embeddable":true,"href":"https:\/\/scarabello.shop\/es\/wp-json\/wp\/v2\/product_cat?post=2840"},{"taxonomy":"product_tag","embeddable":true,"href":"https:\/\/scarabello.shop\/es\/wp-json\/wp\/v2\/product_tag?post=2840"}],"curies":[{"name":"wp","href":"https:\/\/api.w.org\/{rel}","templated":true}]}}