{"id":2755,"date":"2023-05-25T15:32:48","date_gmt":"2023-05-25T15:32:48","guid":{"rendered":"https:\/\/scarabello.shop\/product\/brazalete-venzone-rosa-antracita\/"},"modified":"2023-08-30T07:57:02","modified_gmt":"2023-08-30T07:57:02","slug":"brazalete-venzone-antracita-rosa","status":"publish","type":"product","link":"https:\/\/scarabello.shop\/es\/producto\/brazalete-venzone-antracita-rosa\/","title":{"rendered":"Brazalete Venzone Rosa Antracita"},"content":{"rendered":"<p>Elegante brazalete mini de cuentas con interior de cuero de alta calidad. Este brazalete est\u00e1 disponible en varios colores y combina a la perfecci\u00f3n con los modelos Clauiano, Cordovado, Strassoldo, Palmanova y Poffabro, que tambi\u00e9n est\u00e1n disponibles en los mismos colores. El mejor dise\u00f1o italiano para completar cualquier conjunto elegante<\/p>\n","protected":false},"excerpt":{"rendered":"<p>Elegante brazalete mini de cuentas con interior de cuero de alta calidad. Este brazalete est\u00e1 disponible en varios colores y combina a la perfecci\u00f3n con los modelos Clauiano, Cordovado, Strassoldo, Palmanova y Poffabro, que tambi\u00e9n est\u00e1n disponibles en los mismos colores. El mejor dise\u00f1o italiano para completar cualquier conjunto elegante<\/p>\n","protected":false},"featured_media":2756,"template":"","meta":{"inline_featured_image":false,"site-sidebar-layout":"default","site-content-layout":"default","ast-site-content-layout":"","site-content-style":"default","site-sidebar-style":"default","ast-global-header-display":"","ast-banner-title-visibility":"","ast-main-header-display":"","ast-hfb-above-header-display":"","ast-hfb-below-header-display":"","ast-hfb-mobile-header-display":"","site-post-title":"","ast-breadcrumbs-content":"","ast-featured-img":"","footer-sml-layout":"","theme-transparent-header-meta":"default","adv-header-id-meta":"","stick-header-meta":"","header-above-stick-meta":"","header-main-stick-meta":"","header-below-stick-meta":"","astra-migrate-meta-layouts":""},"product_cat":[172,180],"product_tag":[],"_links":{"self":[{"href":"https:\/\/scarabello.shop\/es\/wp-json\/wp\/v2\/product\/2755"}],"collection":[{"href":"https:\/\/scarabello.shop\/es\/wp-json\/wp\/v2\/product"}],"about":[{"href":"https:\/\/scarabello.shop\/es\/wp-json\/wp\/v2\/types\/product"}],"wp:featuredmedia":[{"embeddable":true,"href":"https:\/\/scarabello.shop\/es\/wp-json\/wp\/v2\/media\/2756"}],"wp:attachment":[{"href":"https:\/\/scarabello.shop\/es\/wp-json\/wp\/v2\/media?parent=2755"}],"wp:term":[{"taxonomy":"product_cat","embeddable":true,"href":"https:\/\/scarabello.shop\/es\/wp-json\/wp\/v2\/product_cat?post=2755"},{"taxonomy":"product_tag","embeddable":true,"href":"https:\/\/scarabello.shop\/es\/wp-json\/wp\/v2\/product_tag?post=2755"}],"curies":[{"name":"wp","href":"https:\/\/api.w.org\/{rel}","templated":true}]}}