{"id":2716,"date":"2023-05-26T20:20:39","date_gmt":"2023-05-26T20:20:39","guid":{"rendered":"https:\/\/scarabello.shop\/product\/brazalete-palmanova-verde-oscuro\/"},"modified":"2023-05-26T20:20:39","modified_gmt":"2023-05-26T20:20:39","slug":"brazalete-palmanova-verde-oscuro","status":"publish","type":"product","link":"https:\/\/scarabello.shop\/es\/producto\/brazalete-palmanova-verde-oscuro\/","title":{"rendered":"Brazalete Palmanova Verde Oscuro"},"content":{"rendered":"<p>Elegante y sofisticada brazeleta de plata de ley con cord\u00f3n de alta calidad como color de contraste. Este brazalete est\u00e1 disponible en varios colores y combina a la perfecci\u00f3n con los modelos Clauiano, Cordovado, Strassoldo, Venzone y Poffabro, que tambi\u00e9n est\u00e1n disponibles en los mismos colores. El mejor dise\u00f1o italiano para completar cualquier conjunto elegante<\/p>\n","protected":false},"excerpt":{"rendered":"<p>Elegante y sofisticada brazeleta de plata de ley con cord\u00f3n de alta calidad como color de contraste. Este brazalete est\u00e1 disponible en varios colores y combina a la perfecci\u00f3n con los modelos Clauiano, Cordovado, Strassoldo, Venzone y Poffabro, que tambi\u00e9n est\u00e1n disponibles en los mismos colores. El mejor dise\u00f1o italiano para completar cualquier conjunto elegante<\/p>\n","protected":false},"featured_media":2717,"template":"","meta":{"inline_featured_image":false,"site-sidebar-layout":"default","site-content-layout":"default","ast-site-content-layout":"","site-content-style":"default","site-sidebar-style":"default","ast-global-header-display":"","ast-banner-title-visibility":"","ast-main-header-display":"","ast-hfb-above-header-display":"","ast-hfb-below-header-display":"","ast-hfb-mobile-header-display":"","site-post-title":"","ast-breadcrumbs-content":"","ast-featured-img":"","footer-sml-layout":"","theme-transparent-header-meta":"default","adv-header-id-meta":"","stick-header-meta":"","header-above-stick-meta":"","header-main-stick-meta":"","header-below-stick-meta":"","astra-migrate-meta-layouts":""},"product_cat":[172,174],"product_tag":[],"_links":{"self":[{"href":"https:\/\/scarabello.shop\/es\/wp-json\/wp\/v2\/product\/2716"}],"collection":[{"href":"https:\/\/scarabello.shop\/es\/wp-json\/wp\/v2\/product"}],"about":[{"href":"https:\/\/scarabello.shop\/es\/wp-json\/wp\/v2\/types\/product"}],"wp:featuredmedia":[{"embeddable":true,"href":"https:\/\/scarabello.shop\/es\/wp-json\/wp\/v2\/media\/2717"}],"wp:attachment":[{"href":"https:\/\/scarabello.shop\/es\/wp-json\/wp\/v2\/media?parent=2716"}],"wp:term":[{"taxonomy":"product_cat","embeddable":true,"href":"https:\/\/scarabello.shop\/es\/wp-json\/wp\/v2\/product_cat?post=2716"},{"taxonomy":"product_tag","embeddable":true,"href":"https:\/\/scarabello.shop\/es\/wp-json\/wp\/v2\/product_tag?post=2716"}],"curies":[{"name":"wp","href":"https:\/\/api.w.org\/{rel}","templated":true}]}}