{"id":2686,"date":"2023-05-31T13:20:42","date_gmt":"2023-05-31T13:20:42","guid":{"rendered":"https:\/\/scarabello.shop\/product\/set-de-brazaletes-gris\/"},"modified":"2024-01-01T01:58:05","modified_gmt":"2024-01-01T01:58:05","slug":"set-brazaletes-gris-2","status":"publish","type":"product","link":"https:\/\/scarabello.shop\/es\/producto\/set-brazaletes-gris-2\/","title":{"rendered":"Set de Brazaletes Gris"},"content":{"rendered":"<p>Este exclusivo juego de brazaletes consta del brazalete Strassoldo y el brazalete Palmanova en verde oscuro combinados con un brazalete de cord\u00f3n fino libre en una combinaci\u00f3n tricolor gris oscuro, gris claro y blanco. Juntos forman una elegante combinaci\u00f3n<\/p>\n","protected":false},"excerpt":{"rendered":"<p>Este exclusivo juego de brazaletes consta del brazalete Strassoldo y el brazalete Palmanova en verde oscuro combinados con un brazalete de cord\u00f3n fino libre en una combinaci\u00f3n tricolor gris oscuro, gris claro y blanco. Juntos forman una elegante combinaci\u00f3n<\/p>\n","protected":false},"featured_media":2687,"template":"","meta":{"inline_featured_image":false,"site-sidebar-layout":"default","site-content-layout":"default","ast-site-content-layout":"","site-content-style":"default","site-sidebar-style":"default","ast-global-header-display":"","ast-banner-title-visibility":"","ast-main-header-display":"","ast-hfb-above-header-display":"","ast-hfb-below-header-display":"","ast-hfb-mobile-header-display":"","site-post-title":"","ast-breadcrumbs-content":"","ast-featured-img":"","footer-sml-layout":"","theme-transparent-header-meta":"default","adv-header-id-meta":"","stick-header-meta":"","header-above-stick-meta":"","header-main-stick-meta":"","header-below-stick-meta":"","astra-migrate-meta-layouts":""},"product_cat":[172,174,173],"product_tag":[],"_links":{"self":[{"href":"https:\/\/scarabello.shop\/es\/wp-json\/wp\/v2\/product\/2686"}],"collection":[{"href":"https:\/\/scarabello.shop\/es\/wp-json\/wp\/v2\/product"}],"about":[{"href":"https:\/\/scarabello.shop\/es\/wp-json\/wp\/v2\/types\/product"}],"wp:featuredmedia":[{"embeddable":true,"href":"https:\/\/scarabello.shop\/es\/wp-json\/wp\/v2\/media\/2687"}],"wp:attachment":[{"href":"https:\/\/scarabello.shop\/es\/wp-json\/wp\/v2\/media?parent=2686"}],"wp:term":[{"taxonomy":"product_cat","embeddable":true,"href":"https:\/\/scarabello.shop\/es\/wp-json\/wp\/v2\/product_cat?post=2686"},{"taxonomy":"product_tag","embeddable":true,"href":"https:\/\/scarabello.shop\/es\/wp-json\/wp\/v2\/product_tag?post=2686"}],"curies":[{"name":"wp","href":"https:\/\/api.w.org\/{rel}","templated":true}]}}