{"id":2670,"date":"2023-06-02T19:23:23","date_gmt":"2023-06-02T19:23:23","guid":{"rendered":"https:\/\/scarabello.shop\/product\/bolso-de-mano-rizzuto-fucsia\/"},"modified":"2023-08-29T09:41:36","modified_gmt":"2023-08-29T09:41:36","slug":"bolsos-bolso-rizzuto-fucsia","status":"publish","type":"product","link":"https:\/\/scarabello.shop\/es\/producto\/bolsos-bolso-rizzuto-fucsia\/","title":{"rendered":"Bolso de mano Rizzuto Fucsia"},"content":{"rendered":"<p>Este bolso est\u00e1 fabricado con la mejor piel de becerro italiana. Las dimensiones son 36 cm x 18 cm x 29 cm (largo x ancho x alto). Un dise\u00f1o \u00fanico y disponible en varios colores muy elegantes. Dise\u00f1ado y fabricado en la ciudad m\u00e1s bella del norte de Italia, Florencia.<\/p>\n","protected":false},"excerpt":{"rendered":"<p>Este bolso est\u00e1 fabricado con la mejor piel de becerro italiana. Las dimensiones son 36 cm x 18 cm x 29 cm (largo x ancho x alto). Un dise\u00f1o \u00fanico y disponible en varios colores muy elegantes. Dise\u00f1ado y fabricado en la ciudad m\u00e1s bella del norte de Italia, Florencia.<\/p>\n","protected":false},"featured_media":2671,"template":"","meta":{"inline_featured_image":false,"site-sidebar-layout":"default","site-content-layout":"default","ast-site-content-layout":"","site-content-style":"default","site-sidebar-style":"default","ast-global-header-display":"","ast-banner-title-visibility":"","ast-main-header-display":"","ast-hfb-above-header-display":"","ast-hfb-below-header-display":"","ast-hfb-mobile-header-display":"","site-post-title":"","ast-breadcrumbs-content":"","ast-featured-img":"","footer-sml-layout":"","theme-transparent-header-meta":"default","adv-header-id-meta":"","stick-header-meta":"","header-above-stick-meta":"","header-main-stick-meta":"","header-below-stick-meta":"","astra-migrate-meta-layouts":""},"product_cat":[163,171],"product_tag":[],"_links":{"self":[{"href":"https:\/\/scarabello.shop\/es\/wp-json\/wp\/v2\/product\/2670"}],"collection":[{"href":"https:\/\/scarabello.shop\/es\/wp-json\/wp\/v2\/product"}],"about":[{"href":"https:\/\/scarabello.shop\/es\/wp-json\/wp\/v2\/types\/product"}],"wp:featuredmedia":[{"embeddable":true,"href":"https:\/\/scarabello.shop\/es\/wp-json\/wp\/v2\/media\/2671"}],"wp:attachment":[{"href":"https:\/\/scarabello.shop\/es\/wp-json\/wp\/v2\/media?parent=2670"}],"wp:term":[{"taxonomy":"product_cat","embeddable":true,"href":"https:\/\/scarabello.shop\/es\/wp-json\/wp\/v2\/product_cat?post=2670"},{"taxonomy":"product_tag","embeddable":true,"href":"https:\/\/scarabello.shop\/es\/wp-json\/wp\/v2\/product_tag?post=2670"}],"curies":[{"name":"wp","href":"https:\/\/api.w.org\/{rel}","templated":true}]}}