{"id":2663,"date":"2023-06-02T19:37:14","date_gmt":"2023-06-02T19:37:14","guid":{"rendered":"https:\/\/scarabello.shop\/product\/maletin-calabro-rojo\/"},"modified":"2023-08-29T09:29:41","modified_gmt":"2023-08-29T09:29:41","slug":"bolsas-maletin-calabro-rojo","status":"publish","type":"product","link":"https:\/\/scarabello.shop\/es\/producto\/bolsas-maletin-calabro-rojo\/","title":{"rendered":"Malet\u00edn Calabro Rojo"},"content":{"rendered":"<p>Este malet\u00edn retro vintage est\u00e1 fabricado con la mejor piel de becerro italiana combinada con cuero de vaca de la mejor calidad. Las dimensiones son 32 cm x 16 cm x 29 cm (largo x ancho x alto). Un dise\u00f1o \u00fanico y disponible en un color rojo combinado muy elegante. Dise\u00f1ado y fabricado en la ciudad m\u00e1s bella del norte de Italia, Florencia.<\/p>\n","protected":false},"excerpt":{"rendered":"<p>Este malet\u00edn retro vintage est\u00e1 fabricado con la mejor piel de becerro italiana combinada con cuero de vaca de la mejor calidad. Las dimensiones son 32 cm x 16 cm x 29 cm (largo x ancho x alto). Un dise\u00f1o \u00fanico y disponible en un color rojo combinado muy elegante. Dise\u00f1ado y fabricado en la ciudad m\u00e1s bella del norte de Italia, Florencia.<\/p>\n","protected":false},"featured_media":2664,"template":"","meta":{"inline_featured_image":false,"site-sidebar-layout":"default","site-content-layout":"default","ast-site-content-layout":"","site-content-style":"default","site-sidebar-style":"default","ast-global-header-display":"","ast-banner-title-visibility":"","ast-main-header-display":"","ast-hfb-above-header-display":"","ast-hfb-below-header-display":"","ast-hfb-mobile-header-display":"","site-post-title":"","ast-breadcrumbs-content":"","ast-featured-img":"","footer-sml-layout":"","theme-transparent-header-meta":"default","adv-header-id-meta":"","stick-header-meta":"","header-above-stick-meta":"","header-main-stick-meta":"","header-below-stick-meta":"","astra-migrate-meta-layouts":""},"product_cat":[169,168],"product_tag":[],"_links":{"self":[{"href":"https:\/\/scarabello.shop\/es\/wp-json\/wp\/v2\/product\/2663"}],"collection":[{"href":"https:\/\/scarabello.shop\/es\/wp-json\/wp\/v2\/product"}],"about":[{"href":"https:\/\/scarabello.shop\/es\/wp-json\/wp\/v2\/types\/product"}],"wp:featuredmedia":[{"embeddable":true,"href":"https:\/\/scarabello.shop\/es\/wp-json\/wp\/v2\/media\/2664"}],"wp:attachment":[{"href":"https:\/\/scarabello.shop\/es\/wp-json\/wp\/v2\/media?parent=2663"}],"wp:term":[{"taxonomy":"product_cat","embeddable":true,"href":"https:\/\/scarabello.shop\/es\/wp-json\/wp\/v2\/product_cat?post=2663"},{"taxonomy":"product_tag","embeddable":true,"href":"https:\/\/scarabello.shop\/es\/wp-json\/wp\/v2\/product_tag?post=2663"}],"curies":[{"name":"wp","href":"https:\/\/api.w.org\/{rel}","templated":true}]}}