{"id":2661,"date":"2023-06-02T19:43:27","date_gmt":"2023-06-02T19:43:27","guid":{"rendered":"https:\/\/scarabello.shop\/product\/bolsa-de-viaje-pizzo-marron\/"},"modified":"2023-08-29T09:16:52","modified_gmt":"2023-08-29T09:16:52","slug":"bolsos-bolsa-de-viaje-pizzo-marron","status":"publish","type":"product","link":"https:\/\/scarabello.shop\/es\/producto\/bolsos-bolsa-de-viaje-pizzo-marron\/","title":{"rendered":"Bolsa de viaje Pizzo Marr\u00f3n"},"content":{"rendered":"<p>Esta elegante y espaciosa bolsa de viaje est\u00e1 fabricada con la mejor piel de becerro italiana entretejida. Las dimensiones de esta bolsa son 50 cm x 20 cm x 27 cm (largo x ancho x alto). Un dise\u00f1o \u00fanico y disponible en un elegante color marr\u00f3n combinado. Dise\u00f1ado y fabricado en la ciudad m\u00e1s bella del norte de Italia, Florencia.<\/p>\n","protected":false},"excerpt":{"rendered":"<p>Esta elegante y espaciosa bolsa de viaje est\u00e1 fabricada con la mejor piel de becerro italiana entretejida. Las dimensiones de esta bolsa son 50 cm x 20 cm x 27 cm (largo x ancho x alto). Un dise\u00f1o \u00fanico y disponible en un elegante color marr\u00f3n combinado. Dise\u00f1ado y fabricado en la ciudad m\u00e1s bella del norte de Italia, Florencia.<\/p>\n","protected":false},"featured_media":2662,"template":"","meta":{"inline_featured_image":false,"site-sidebar-layout":"default","site-content-layout":"default","ast-site-content-layout":"","site-content-style":"default","site-sidebar-style":"default","ast-global-header-display":"","ast-banner-title-visibility":"","ast-main-header-display":"","ast-hfb-above-header-display":"","ast-hfb-below-header-display":"","ast-hfb-mobile-header-display":"","site-post-title":"","ast-breadcrumbs-content":"","ast-featured-img":"","footer-sml-layout":"","theme-transparent-header-meta":"default","adv-header-id-meta":"","stick-header-meta":"","header-above-stick-meta":"","header-main-stick-meta":"","header-below-stick-meta":"","astra-migrate-meta-layouts":""},"product_cat":[166,167],"product_tag":[],"_links":{"self":[{"href":"https:\/\/scarabello.shop\/es\/wp-json\/wp\/v2\/product\/2661"}],"collection":[{"href":"https:\/\/scarabello.shop\/es\/wp-json\/wp\/v2\/product"}],"about":[{"href":"https:\/\/scarabello.shop\/es\/wp-json\/wp\/v2\/types\/product"}],"wp:featuredmedia":[{"embeddable":true,"href":"https:\/\/scarabello.shop\/es\/wp-json\/wp\/v2\/media\/2662"}],"wp:attachment":[{"href":"https:\/\/scarabello.shop\/es\/wp-json\/wp\/v2\/media?parent=2661"}],"wp:term":[{"taxonomy":"product_cat","embeddable":true,"href":"https:\/\/scarabello.shop\/es\/wp-json\/wp\/v2\/product_cat?post=2661"},{"taxonomy":"product_tag","embeddable":true,"href":"https:\/\/scarabello.shop\/es\/wp-json\/wp\/v2\/product_tag?post=2661"}],"curies":[{"name":"wp","href":"https:\/\/api.w.org\/{rel}","templated":true}]}}