{"id":2657,"date":"2023-06-02T19:52:16","date_gmt":"2023-06-02T19:52:16","guid":{"rendered":"https:\/\/scarabello.shop\/product\/bolso-gerace-marron\/"},"modified":"2023-08-29T09:12:32","modified_gmt":"2023-08-29T09:12:32","slug":"bolso-gerace-marron","status":"publish","type":"product","link":"https:\/\/scarabello.shop\/es\/producto\/bolso-gerace-marron\/","title":{"rendered":"Bolso de mano Gerace Marr\u00f3n"},"content":{"rendered":"<p>Este elegante bolso peque\u00f1o de dise\u00f1o italiano est\u00e1 fabricado con la mejor piel de becerro italiana. Las dimensiones de esta bolsa son 22 cm x 9 cm x 15 cm (largo x ancho x alto). Un dise\u00f1o \u00fanico y disponible en un elegante color marr\u00f3n. Dise\u00f1ado y fabricado en la ciudad m\u00e1s bella del norte de Italia, Florencia.<\/p>\n","protected":false},"excerpt":{"rendered":"<p>Este elegante bolso peque\u00f1o de dise\u00f1o italiano est\u00e1 fabricado con la mejor piel de becerro italiana. Las dimensiones de esta bolsa son 22 cm x 9 cm x 15 cm (largo x ancho x alto). Un dise\u00f1o \u00fanico y disponible en un elegante color marr\u00f3n. Dise\u00f1ado y fabricado en la ciudad m\u00e1s bella del norte de Italia, Florencia.<\/p>\n","protected":false},"featured_media":2658,"template":"","meta":{"inline_featured_image":false,"site-sidebar-layout":"default","site-content-layout":"default","ast-site-content-layout":"","site-content-style":"default","site-sidebar-style":"default","ast-global-header-display":"","ast-banner-title-visibility":"","ast-main-header-display":"","ast-hfb-above-header-display":"","ast-hfb-below-header-display":"","ast-hfb-mobile-header-display":"","site-post-title":"","ast-breadcrumbs-content":"","ast-featured-img":"","footer-sml-layout":"","theme-transparent-header-meta":"default","adv-header-id-meta":"","stick-header-meta":"","header-above-stick-meta":"","header-main-stick-meta":"","header-below-stick-meta":"","astra-migrate-meta-layouts":""},"product_cat":[163,164],"product_tag":[],"_links":{"self":[{"href":"https:\/\/scarabello.shop\/es\/wp-json\/wp\/v2\/product\/2657"}],"collection":[{"href":"https:\/\/scarabello.shop\/es\/wp-json\/wp\/v2\/product"}],"about":[{"href":"https:\/\/scarabello.shop\/es\/wp-json\/wp\/v2\/types\/product"}],"wp:featuredmedia":[{"embeddable":true,"href":"https:\/\/scarabello.shop\/es\/wp-json\/wp\/v2\/media\/2658"}],"wp:attachment":[{"href":"https:\/\/scarabello.shop\/es\/wp-json\/wp\/v2\/media?parent=2657"}],"wp:term":[{"taxonomy":"product_cat","embeddable":true,"href":"https:\/\/scarabello.shop\/es\/wp-json\/wp\/v2\/product_cat?post=2657"},{"taxonomy":"product_tag","embeddable":true,"href":"https:\/\/scarabello.shop\/es\/wp-json\/wp\/v2\/product_tag?post=2657"}],"curies":[{"name":"wp","href":"https:\/\/api.w.org\/{rel}","templated":true}]}}