{"id":2651,"date":"2023-08-27T12:56:15","date_gmt":"2023-08-27T12:56:15","guid":{"rendered":"https:\/\/scarabello.shop\/product\/gafas-de-sol-biondetti-negro-azul\/"},"modified":"2023-08-29T08:48:44","modified_gmt":"2023-08-29T08:48:44","slug":"gafas-de-sol-biondetti-negro-azul","status":"publish","type":"product","link":"https:\/\/scarabello.shop\/es\/producto\/gafas-de-sol-biondetti-negro-azul\/","title":{"rendered":"Gafas de sol-Biondetti-Negro\/Azul"},"content":{"rendered":"<p>Estas gafas de sol son de la mejor calidad imaginable. Producido en una peque\u00f1a f\u00e1brica de Basilicata (sur de Italia). Naturalmente equipadas con lentes polarizadas relajantes en una montura deportiva contempor\u00e1nea. Clemente Biondetti fue un piloto italiano de F\u00f3rmula 1. Gan\u00f3 la Mille Miglia en cuatro ocasiones. Dos veces para Alfa Romeo y dos veces para Ferrari.<\/p>\n","protected":false},"excerpt":{"rendered":"<p>Estas gafas de sol son de la mejor calidad imaginable. Producido en una peque\u00f1a f\u00e1brica de Basilicata (sur de Italia). Naturalmente equipadas con lentes polarizadas relajantes en una montura deportiva contempor\u00e1nea. Clemente Biondetti fue un piloto italiano de F\u00f3rmula 1. Gan\u00f3 la Mille Miglia en cuatro ocasiones. Dos veces para Alfa Romeo y dos veces para Ferrari.<\/p>\n","protected":false},"featured_media":2652,"template":"","meta":{"inline_featured_image":false,"site-sidebar-layout":"default","site-content-layout":"","ast-site-content-layout":"","site-content-style":"default","site-sidebar-style":"default","ast-global-header-display":"","ast-banner-title-visibility":"","ast-main-header-display":"","ast-hfb-above-header-display":"","ast-hfb-below-header-display":"","ast-hfb-mobile-header-display":"","site-post-title":"","ast-breadcrumbs-content":"","ast-featured-img":"","footer-sml-layout":"","theme-transparent-header-meta":"default","adv-header-id-meta":"","stick-header-meta":"","header-above-stick-meta":"","header-main-stick-meta":"","header-below-stick-meta":"","astra-migrate-meta-layouts":""},"product_cat":[162,161],"product_tag":[],"_links":{"self":[{"href":"https:\/\/scarabello.shop\/es\/wp-json\/wp\/v2\/product\/2651"}],"collection":[{"href":"https:\/\/scarabello.shop\/es\/wp-json\/wp\/v2\/product"}],"about":[{"href":"https:\/\/scarabello.shop\/es\/wp-json\/wp\/v2\/types\/product"}],"wp:featuredmedia":[{"embeddable":true,"href":"https:\/\/scarabello.shop\/es\/wp-json\/wp\/v2\/media\/2652"}],"wp:attachment":[{"href":"https:\/\/scarabello.shop\/es\/wp-json\/wp\/v2\/media?parent=2651"}],"wp:term":[{"taxonomy":"product_cat","embeddable":true,"href":"https:\/\/scarabello.shop\/es\/wp-json\/wp\/v2\/product_cat?post=2651"},{"taxonomy":"product_tag","embeddable":true,"href":"https:\/\/scarabello.shop\/es\/wp-json\/wp\/v2\/product_tag?post=2651"}],"curies":[{"name":"wp","href":"https:\/\/api.w.org\/{rel}","templated":true}]}}