{"id":2935,"date":"2023-05-16T14:18:46","date_gmt":"2023-05-16T14:18:46","guid":{"rendered":"https:\/\/scarabello.shop\/product\/armband-clauiano-dunkelgruen\/"},"modified":"2023-05-16T14:18:46","modified_gmt":"2023-05-16T14:18:46","slug":"armband-clauiano-dunkelgrun","status":"publish","type":"product","link":"https:\/\/scarabello.shop\/de\/produkt\/armband-clauiano-dunkelgrun\/","title":{"rendered":"Armband Clauiano Dunkelgr\u00fcn"},"content":{"rendered":"<p>Stilvolles Silberarmband mit einer d\u00fcnnen Kordel, die in das Armband eingewoben ist. Dieses Armband ist in mehreren Farben erh\u00e4ltlich und passt hervorragend zu den Modellen Stassoldo, Cordovado, Venzone und Poffabro, die ebenfalls in denselben Farben erh\u00e4ltlich sind. Italienisches Design in seiner besten Form, das jedes stilvolle Outfit vervollst\u00e4ndigt.<\/p>\n","protected":false},"excerpt":{"rendered":"<p>Stilvolles Silberarmband mit einer d\u00fcnnen Kordel, die in das Armband eingewoben ist. Dieses Armband ist in mehreren Farben erh\u00e4ltlich und passt hervorragend zu den Modellen Stassoldo und Cordovado, die ebenfalls in denselben Farben erh\u00e4ltlich sind. Italienisches Design in seiner besten Form, das jedes stilvolle Outfit vervollst\u00e4ndigt.<\/p>\n","protected":false},"featured_media":2039,"template":"","meta":{"inline_featured_image":false,"site-sidebar-layout":"default","site-content-layout":"default","ast-site-content-layout":"","site-content-style":"default","site-sidebar-style":"default","ast-global-header-display":"","ast-banner-title-visibility":"","ast-main-header-display":"","ast-hfb-above-header-display":"","ast-hfb-below-header-display":"","ast-hfb-mobile-header-display":"","site-post-title":"","ast-breadcrumbs-content":"","ast-featured-img":"","footer-sml-layout":"","theme-transparent-header-meta":"default","adv-header-id-meta":"","stick-header-meta":"","header-above-stick-meta":"","header-main-stick-meta":"","header-below-stick-meta":"","astra-migrate-meta-layouts":""},"product_cat":[86,183],"product_tag":[],"_links":{"self":[{"href":"https:\/\/scarabello.shop\/de\/wp-json\/wp\/v2\/product\/2935"}],"collection":[{"href":"https:\/\/scarabello.shop\/de\/wp-json\/wp\/v2\/product"}],"about":[{"href":"https:\/\/scarabello.shop\/de\/wp-json\/wp\/v2\/types\/product"}],"wp:featuredmedia":[{"embeddable":true,"href":"https:\/\/scarabello.shop\/de\/wp-json\/wp\/v2\/media\/2039"}],"wp:attachment":[{"href":"https:\/\/scarabello.shop\/de\/wp-json\/wp\/v2\/media?parent=2935"}],"wp:term":[{"taxonomy":"product_cat","embeddable":true,"href":"https:\/\/scarabello.shop\/de\/wp-json\/wp\/v2\/product_cat?post=2935"},{"taxonomy":"product_tag","embeddable":true,"href":"https:\/\/scarabello.shop\/de\/wp-json\/wp\/v2\/product_tag?post=2935"}],"curies":[{"name":"wp","href":"https:\/\/api.w.org\/{rel}","templated":true}]}}