{"id":2814,"date":"2023-05-24T12:25:34","date_gmt":"2023-05-24T12:25:34","guid":{"rendered":"https:\/\/scarabello.shop\/product\/armband-strassoldo-rot\/"},"modified":"2023-08-30T17:40:18","modified_gmt":"2023-08-30T17:40:18","slug":"armband-strassoldo-rot","status":"publish","type":"product","link":"https:\/\/scarabello.shop\/de\/produkt\/armband-strassoldo-rot\/","title":{"rendered":"Armband Strassoldo Rot"},"content":{"rendered":"<p>Stilvolles schwarzes Lavaperlenarmband mit einer d\u00fcnnen Kordel darin verwoben. Dieses Armband ist in mehreren Farben erh\u00e4ltlich und passt hervorragend zu den Modellen Clauiano und Cordovado, Venzone, Palmanova und Poffabro, die ebenfalls in denselben Farben erh\u00e4ltlich sind. Italienisches Design in seiner besten Form, das jedes stilvolle Outfit vervollst\u00e4ndigt.<\/p>\n","protected":false},"excerpt":{"rendered":"<p>Stilvolles schwarzes Lavaperlenarmband mit einer d\u00fcnnen Kordel darin verwoben. Dieses Armband ist in mehreren Farben erh\u00e4ltlich und passt hervorragend zu den Modellen Clauiano und Cordovado, die ebenfalls in denselben Farben erh\u00e4ltlich sind. Italienisches Design in seiner besten Form, das jedes stilvolle Outfit vervollst\u00e4ndigt.<\/p>\n","protected":false},"featured_media":2115,"template":"","meta":{"inline_featured_image":false,"site-sidebar-layout":"default","site-content-layout":"default","ast-site-content-layout":"","site-content-style":"default","site-sidebar-style":"default","ast-global-header-display":"","ast-banner-title-visibility":"","ast-main-header-display":"","ast-hfb-above-header-display":"","ast-hfb-below-header-display":"","ast-hfb-mobile-header-display":"","site-post-title":"","ast-breadcrumbs-content":"","ast-featured-img":"","footer-sml-layout":"","theme-transparent-header-meta":"default","adv-header-id-meta":"","stick-header-meta":"","header-above-stick-meta":"","header-main-stick-meta":"","header-below-stick-meta":"","astra-migrate-meta-layouts":""},"product_cat":[86,149],"product_tag":[],"_links":{"self":[{"href":"https:\/\/scarabello.shop\/de\/wp-json\/wp\/v2\/product\/2814"}],"collection":[{"href":"https:\/\/scarabello.shop\/de\/wp-json\/wp\/v2\/product"}],"about":[{"href":"https:\/\/scarabello.shop\/de\/wp-json\/wp\/v2\/types\/product"}],"wp:featuredmedia":[{"embeddable":true,"href":"https:\/\/scarabello.shop\/de\/wp-json\/wp\/v2\/media\/2115"}],"wp:attachment":[{"href":"https:\/\/scarabello.shop\/de\/wp-json\/wp\/v2\/media?parent=2814"}],"wp:term":[{"taxonomy":"product_cat","embeddable":true,"href":"https:\/\/scarabello.shop\/de\/wp-json\/wp\/v2\/product_cat?post=2814"},{"taxonomy":"product_tag","embeddable":true,"href":"https:\/\/scarabello.shop\/de\/wp-json\/wp\/v2\/product_tag?post=2814"}],"curies":[{"name":"wp","href":"https:\/\/api.w.org\/{rel}","templated":true}]}}