{"id":2447,"date":"2023-08-27T11:39:20","date_gmt":"2023-08-27T11:39:20","guid":{"rendered":"https:\/\/scarabello.shop\/product\/sonnenbrille-biondetti-schwarz-rot\/"},"modified":"2023-08-28T13:05:41","modified_gmt":"2023-08-28T13:05:41","slug":"sonnenbrille-biondetti-schwarz-rot","status":"publish","type":"product","link":"https:\/\/scarabello.shop\/de\/produkt\/sonnenbrille-biondetti-schwarz-rot\/","title":{"rendered":"Sonnenbrille-Biondetti-Schwarz\/Rot"},"content":{"rendered":"<p>Diese Sonnenbrille ist von h\u00f6chster Qualit\u00e4t. Hergestellt in einer kleinen Fabrik in der Basilikata (S\u00fcditalien). Nat\u00fcrlich ausgestattet mit beruhigenden polarisierten Gl\u00e4sern in einem modernen, sportlichen Gestell. Clemente Biondetti war ein italienischer Formel-1-Fahrer. Er gewann die Mille Miglia viermal. Zweimal f\u00fcr Alfa Romeo und zweimal f\u00fcr Ferrari.<\/p>\n","protected":false},"excerpt":{"rendered":"<p>Diese Sonnenbrille ist von h\u00f6chster Qualit\u00e4t. Hergestellt in einer kleinen Fabrik in der Basilikata (S\u00fcditalien). Nat\u00fcrlich ausgestattet mit beruhigenden polarisierten Gl\u00e4sern in einem modernen, sportlichen Gestell. Clemente Biondetti war ein italienischer Formel-1-Fahrer. Er gewann die Mille Miglia viermal. Zweimal f\u00fcr Alfa Romeo und zweimal f\u00fcr Ferrari.<\/p>\n","protected":false},"featured_media":2443,"template":"","meta":{"inline_featured_image":false,"site-sidebar-layout":"default","site-content-layout":"","ast-site-content-layout":"","site-content-style":"default","site-sidebar-style":"default","ast-global-header-display":"","ast-banner-title-visibility":"","ast-main-header-display":"","ast-hfb-above-header-display":"","ast-hfb-below-header-display":"","ast-hfb-mobile-header-display":"","site-post-title":"","ast-breadcrumbs-content":"","ast-featured-img":"","footer-sml-layout":"","theme-transparent-header-meta":"default","adv-header-id-meta":"","stick-header-meta":"","header-above-stick-meta":"","header-main-stick-meta":"","header-below-stick-meta":"","astra-migrate-meta-layouts":""},"product_cat":[106,105],"product_tag":[],"_links":{"self":[{"href":"https:\/\/scarabello.shop\/de\/wp-json\/wp\/v2\/product\/2447"}],"collection":[{"href":"https:\/\/scarabello.shop\/de\/wp-json\/wp\/v2\/product"}],"about":[{"href":"https:\/\/scarabello.shop\/de\/wp-json\/wp\/v2\/types\/product"}],"wp:featuredmedia":[{"embeddable":true,"href":"https:\/\/scarabello.shop\/de\/wp-json\/wp\/v2\/media\/2443"}],"wp:attachment":[{"href":"https:\/\/scarabello.shop\/de\/wp-json\/wp\/v2\/media?parent=2447"}],"wp:term":[{"taxonomy":"product_cat","embeddable":true,"href":"https:\/\/scarabello.shop\/de\/wp-json\/wp\/v2\/product_cat?post=2447"},{"taxonomy":"product_tag","embeddable":true,"href":"https:\/\/scarabello.shop\/de\/wp-json\/wp\/v2\/product_tag?post=2447"}],"curies":[{"name":"wp","href":"https:\/\/api.w.org\/{rel}","templated":true}]}}