{"id":2427,"date":"2023-05-11T11:21:00","date_gmt":"2023-05-11T11:21:00","guid":{"rendered":"https:\/\/scarabello.shop\/handwerkskunst\/"},"modified":"2023-09-12T11:20:47","modified_gmt":"2023-09-12T11:20:47","slug":"handwerkskunst","status":"publish","type":"page","link":"https:\/\/scarabello.shop\/de\/handwerkskunst\/","title":{"rendered":"Handwerkskunst"},"content":{"rendered":"\t\t<div data-elementor-type=\"wp-page\" data-elementor-id=\"2427\" class=\"elementor elementor-2427 elementor-1507\" data-elementor-post-type=\"page\">\n\t\t\t\t\t\t\t\t\t<section class=\"elementor-section elementor-top-section elementor-element elementor-element-c7d5626 elementor-section-boxed elementor-section-height-default elementor-section-height-default\" data-id=\"c7d5626\" data-element_type=\"section\" data-settings=\"{&quot;background_background&quot;:&quot;classic&quot;}\">\n\t\t\t\t\t\t\t<div class=\"elementor-background-overlay\"><\/div>\n\t\t\t\t\t\t\t<div class=\"elementor-container elementor-column-gap-no\">\n\t\t\t\t\t<div class=\"elementor-column elementor-col-100 elementor-top-column elementor-element elementor-element-3d90566\" data-id=\"3d90566\" data-element_type=\"column\">\n\t\t\t<div class=\"elementor-widget-wrap elementor-element-populated\">\n\t\t\t\t\t\t\t\t<div class=\"elementor-element elementor-element-4450677 elementor-widget elementor-widget-heading\" data-id=\"4450677\" data-element_type=\"widget\" data-widget_type=\"heading.default\">\n\t\t\t\t<div class=\"elementor-widget-container\">\n\t\t\t<style>\/*! elementor - v3.16.0 - 12-09-2023 *\/\n.elementor-heading-title{padding:0;margin:0;line-height:1}.elementor-widget-heading .elementor-heading-title[class*=elementor-size-]>a{color:inherit;font-size:inherit;line-height:inherit}.elementor-widget-heading .elementor-heading-title.elementor-size-small{font-size:15px}.elementor-widget-heading .elementor-heading-title.elementor-size-medium{font-size:19px}.elementor-widget-heading .elementor-heading-title.elementor-size-large{font-size:29px}.elementor-widget-heading .elementor-heading-title.elementor-size-xl{font-size:39px}.elementor-widget-heading .elementor-heading-title.elementor-size-xxl{font-size:59px}<\/style><h1 class=\"elementor-heading-title elementor-size-default\">Handwerkskunst<\/h1>\t\t<\/div>\n\t\t\t\t<\/div>\n\t\t\t\t\t<\/div>\n\t\t<\/div>\n\t\t\t\t\t\t\t<\/div>\n\t\t<\/section>\n\t\t\t\t<section class=\"elementor-section elementor-top-section elementor-element elementor-element-7c8bef9 elementor-section-boxed elementor-section-height-default elementor-section-height-default\" data-id=\"7c8bef9\" data-element_type=\"section\">\n\t\t\t\t\t\t<div class=\"elementor-container elementor-column-gap-no\">\n\t\t\t\t\t<div class=\"elementor-column elementor-col-100 elementor-top-column elementor-element elementor-element-66d72db\" data-id=\"66d72db\" data-element_type=\"column\">\n\t\t\t<div class=\"elementor-widget-wrap elementor-element-populated\">\n\t\t\t\t\t\t\t\t<div class=\"elementor-element elementor-element-85f1f32 elementor-widget elementor-widget-heading\" data-id=\"85f1f32\" data-element_type=\"widget\" data-widget_type=\"heading.default\">\n\t\t\t\t<div class=\"elementor-widget-container\">\n\t\t\t<h2 class=\"elementor-heading-title elementor-size-default\">Italienische Handwerkskunst<\/h2>\t\t<\/div>\n\t\t\t\t<\/div>\n\t\t\t\t<div class=\"elementor-element elementor-element-7deff9e elementor-widget elementor-widget-text-editor\" data-id=\"7deff9e\" data-element_type=\"widget\" data-widget_type=\"text-editor.default\">\n\t\t\t\t<div class=\"elementor-widget-container\">\n\t\t\t<style>\/*! elementor - v3.16.0 - 12-09-2023 *\/\n.elementor-widget-text-editor.elementor-drop-cap-view-stacked .elementor-drop-cap{background-color:#69727d;color:#fff}.elementor-widget-text-editor.elementor-drop-cap-view-framed .elementor-drop-cap{color:#69727d;border:3px solid;background-color:transparent}.elementor-widget-text-editor:not(.elementor-drop-cap-view-default) .elementor-drop-cap{margin-top:8px}.elementor-widget-text-editor:not(.elementor-drop-cap-view-default) .elementor-drop-cap-letter{width:1em;height:1em}.elementor-widget-text-editor .elementor-drop-cap{float:left;text-align:center;line-height:1;font-size:50px}.elementor-widget-text-editor .elementor-drop-cap-letter{display:inline-block}<\/style>\t\t\t\t<p>Die italienische Handwerkskunst ist weithin f\u00fcr ihre Exzellenz und Qualit\u00e4t bekannt. Das Land hat eine lange Tradition in der Herstellung von exquisiten Kunsthandwerksprodukten, von Mode und Textilien bis hin zu M\u00f6beln, Glaswaren und Schmuck.<\/p>\n<p>Die italienische Handwerkskunst zeichnet sich durch eine Kombination aus traditionellen Techniken und innovativem Design aus Veel Italiaanse ambachtslieden gebruiken nog steeds aloude methoden die van generatie op generatie zijn doorgegeven, zoals het met de hand stikken van leer en het gebruik van handbediende weefgetouwen om textiel te weven. Diese Methoden erfordern ein hohes Ma\u00df an Geschick und Liebe zum Detail und f\u00fchren h\u00e4ufig zu Produkten, die sowohl langlebig als auch sch\u00f6n sind.<\/p>\n\t\t\t\t\t\t<\/div>\n\t\t\t\t<\/div>\n\t\t\t\t<section class=\"elementor-section elementor-inner-section elementor-element elementor-element-df2436d elementor-section-boxed elementor-section-height-default elementor-section-height-default\" data-id=\"df2436d\" data-element_type=\"section\">\n\t\t\t\t\t\t<div class=\"elementor-container elementor-column-gap-default\">\n\t\t\t\t\t<div class=\"elementor-column elementor-col-100 elementor-inner-column elementor-element elementor-element-e58d2f6\" data-id=\"e58d2f6\" data-element_type=\"column\">\n\t\t\t<div class=\"elementor-widget-wrap elementor-element-populated\">\n\t\t\t\t\t\t\t\t<div class=\"elementor-element elementor-element-df3aa3b elementor-widget elementor-widget-text-editor\" data-id=\"df3aa3b\" data-element_type=\"widget\" data-widget_type=\"text-editor.default\">\n\t\t\t\t<div class=\"elementor-widget-container\">\n\t\t\t\t\t\t\t<p>Italienische Handwerker sind auch f\u00fcr ihre Aufmerksamkeit f\u00fcr Design und \u00c4sthetik bekannt. Italiaanse ontwerpers staan bekend om hun vermogen om klassieke en hedendaagse stijlen te combineren, waardoor stukken ontstaan die zowel tijdloos als modern zijn Italienische Handwerkskunst wird oft mit Eleganz, Raffinesse und Verfeinerung in Verbindung gebracht, und viele in Italien hergestellte Produkte gelten als Luxusg\u00fcter.<\/p>\n<p>Die italienische Handwerkskunst ist in der ganzen Welt f\u00fcr ihre Qualit\u00e4t, ihr K\u00f6nnen und ihre Kunstfertigkeit hoch angesehen. Ob es sich nun um eine handgefertigte Ledertasche, ein wundersch\u00f6n gewebtes Textil oder ein sorgf\u00e4ltig hergestelltes M\u00f6belst\u00fcck handelt &#8211; italienische Produkte z\u00e4hlen oft zu den besten der Welt.<\/p>\n\t\t\t\t\t\t<\/div>\n\t\t\t\t<\/div>\n\t\t\t\t\t<\/div>\n\t\t<\/div>\n\t\t\t\t\t\t\t<\/div>\n\t\t<\/section>\n\t\t\t\t\t<\/div>\n\t\t<\/div>\n\t\t\t\t\t\t\t<\/div>\n\t\t<\/section>\n\t\t\t\t\t\t\t<\/div>\n\t\t","protected":false},"excerpt":{"rendered":"<p>Handwerkskunst Italienische Handwerkskunst Die italienische Handwerkskunst ist weithin f\u00fcr ihre Exzellenz und Qualit\u00e4t bekannt. Das Land hat eine lange Tradition in der Herstellung von exquisiten Kunsthandwerksprodukten, von Mode und Textilien bis hin zu M\u00f6beln, Glaswaren und Schmuck. Die italienische Handwerkskunst zeichnet sich durch eine Kombination aus traditionellen Techniken und innovativem Design aus Veel Italiaanse ambachtslieden &hellip;<\/p>\n<p class=\"read-more\"> <a class=\"\" href=\"https:\/\/scarabello.shop\/de\/handwerkskunst\/\"> <span class=\"screen-reader-text\">Handwerkskunst<\/span> Weiterlesen &raquo;<\/a><\/p>\n","protected":false},"author":1,"featured_media":0,"parent":0,"menu_order":0,"comment_status":"closed","ping_status":"closed","template":"","meta":{"inline_featured_image":false,"site-sidebar-layout":"no-sidebar","site-content-layout":"page-builder","ast-site-content-layout":"","site-content-style":"default","site-sidebar-style":"default","ast-global-header-display":"","ast-banner-title-visibility":"","ast-main-header-display":"","ast-hfb-above-header-display":"","ast-hfb-below-header-display":"","ast-hfb-mobile-header-display":"","site-post-title":"disabled","ast-breadcrumbs-content":"disabled","ast-featured-img":"disabled","footer-sml-layout":"","theme-transparent-header-meta":"","adv-header-id-meta":"","stick-header-meta":"","header-above-stick-meta":"","header-main-stick-meta":"","header-below-stick-meta":"","astra-migrate-meta-layouts":"","footnotes":""},"_links":{"self":[{"href":"https:\/\/scarabello.shop\/de\/wp-json\/wp\/v2\/pages\/2427"}],"collection":[{"href":"https:\/\/scarabello.shop\/de\/wp-json\/wp\/v2\/pages"}],"about":[{"href":"https:\/\/scarabello.shop\/de\/wp-json\/wp\/v2\/types\/page"}],"author":[{"embeddable":true,"href":"https:\/\/scarabello.shop\/de\/wp-json\/wp\/v2\/users\/1"}],"replies":[{"embeddable":true,"href":"https:\/\/scarabello.shop\/de\/wp-json\/wp\/v2\/comments?post=2427"}],"version-history":[{"count":2,"href":"https:\/\/scarabello.shop\/de\/wp-json\/wp\/v2\/pages\/2427\/revisions"}],"predecessor-version":[{"id":3052,"href":"https:\/\/scarabello.shop\/de\/wp-json\/wp\/v2\/pages\/2427\/revisions\/3052"}],"wp:attachment":[{"href":"https:\/\/scarabello.shop\/de\/wp-json\/wp\/v2\/media?parent=2427"}],"curies":[{"name":"wp","href":"https:\/\/api.w.org\/{rel}","templated":true}]}}