{"id":2327,"date":"2023-06-01T14:23:00","date_gmt":"2023-06-01T14:23:00","guid":{"rendered":"https:\/\/scarabello.shop\/maniago\/"},"modified":"2023-08-26T13:02:45","modified_gmt":"2023-08-26T13:02:45","slug":"maniago","status":"publish","type":"page","link":"https:\/\/scarabello.shop\/de\/maniago\/","title":{"rendered":"Maniago"},"content":{"rendered":"\t\t<div data-elementor-type=\"wp-page\" data-elementor-id=\"2327\" class=\"elementor elementor-2327 elementor-1781\" data-elementor-post-type=\"page\">\n\t\t\t\t\t\t\t\t\t<section class=\"elementor-section elementor-top-section elementor-element elementor-element-c7d5626 elementor-section-boxed elementor-section-height-default elementor-section-height-default\" data-id=\"c7d5626\" data-element_type=\"section\" data-settings=\"{&quot;background_background&quot;:&quot;classic&quot;}\">\n\t\t\t\t\t\t<div class=\"elementor-container elementor-column-gap-no\">\n\t\t\t\t\t<div class=\"elementor-column elementor-col-100 elementor-top-column elementor-element elementor-element-3d90566\" data-id=\"3d90566\" data-element_type=\"column\">\n\t\t\t<div class=\"elementor-widget-wrap elementor-element-populated\">\n\t\t\t\t\t\t\t\t<div class=\"elementor-element elementor-element-4450677 elementor-widget elementor-widget-heading\" data-id=\"4450677\" data-element_type=\"widget\" data-widget_type=\"heading.default\">\n\t\t\t\t<div class=\"elementor-widget-container\">\n\t\t\t<style>\/*! elementor - v3.16.0 - 12-09-2023 *\/\n.elementor-heading-title{padding:0;margin:0;line-height:1}.elementor-widget-heading .elementor-heading-title[class*=elementor-size-]>a{color:inherit;font-size:inherit;line-height:inherit}.elementor-widget-heading .elementor-heading-title.elementor-size-small{font-size:15px}.elementor-widget-heading .elementor-heading-title.elementor-size-medium{font-size:19px}.elementor-widget-heading .elementor-heading-title.elementor-size-large{font-size:29px}.elementor-widget-heading .elementor-heading-title.elementor-size-xl{font-size:39px}.elementor-widget-heading .elementor-heading-title.elementor-size-xxl{font-size:59px}<\/style><h1 class=\"elementor-heading-title elementor-size-default\">Maniago<\/h1>\t\t<\/div>\n\t\t\t\t<\/div>\n\t\t\t\t\t<\/div>\n\t\t<\/div>\n\t\t\t\t\t\t\t<\/div>\n\t\t<\/section>\n\t\t\t\t<section class=\"elementor-section elementor-top-section elementor-element elementor-element-7c8bef9 elementor-section-boxed elementor-section-height-default elementor-section-height-default\" data-id=\"7c8bef9\" data-element_type=\"section\">\n\t\t\t\t\t\t<div class=\"elementor-container elementor-column-gap-no\">\n\t\t\t\t\t<div class=\"elementor-column elementor-col-100 elementor-top-column elementor-element elementor-element-66d72db\" data-id=\"66d72db\" data-element_type=\"column\">\n\t\t\t<div class=\"elementor-widget-wrap elementor-element-populated\">\n\t\t\t\t\t\t\t\t<div class=\"elementor-element elementor-element-85f1f32 elementor-widget elementor-widget-heading\" data-id=\"85f1f32\" data-element_type=\"widget\" data-widget_type=\"heading.default\">\n\t\t\t\t<div class=\"elementor-widget-container\">\n\t\t\t<h2 class=\"elementor-heading-title elementor-size-default\">Maniago<\/h2>\t\t<\/div>\n\t\t\t\t<\/div>\n\t\t\t\t<div class=\"elementor-element elementor-element-7deff9e elementor-widget elementor-widget-text-editor\" data-id=\"7deff9e\" data-element_type=\"widget\" data-widget_type=\"text-editor.default\">\n\t\t\t\t<div class=\"elementor-widget-container\">\n\t\t\t<style>\/*! elementor - v3.16.0 - 12-09-2023 *\/\n.elementor-widget-text-editor.elementor-drop-cap-view-stacked .elementor-drop-cap{background-color:#69727d;color:#fff}.elementor-widget-text-editor.elementor-drop-cap-view-framed .elementor-drop-cap{color:#69727d;border:3px solid;background-color:transparent}.elementor-widget-text-editor:not(.elementor-drop-cap-view-default) .elementor-drop-cap{margin-top:8px}.elementor-widget-text-editor:not(.elementor-drop-cap-view-default) .elementor-drop-cap-letter{width:1em;height:1em}.elementor-widget-text-editor .elementor-drop-cap{float:left;text-align:center;line-height:1;font-size:50px}.elementor-widget-text-editor .elementor-drop-cap-letter{display:inline-block}<\/style>\t\t\t\t<p>Maniago Eine kleine Stadt in der Provinz Friaul-Julisch Venetien in Norditalien.<\/p>\n<p>Aber Maniago ist gar nicht so unbedeutend. In dieser kleinen Stadt am Fu\u00dfe der Karnischen Voralpen wurden schon vor Jahrhunderten alle Arten von Messern, Schwertern und Dolchen hergestellt. Man kann mit Sicherheit sagen, dass die Stadt heute f\u00fcr die gr\u00f6\u00dfte Messerproduktion Italiens verantwortlich ist.<\/p>\n<p>Es gibt viele Berufe, die die scharfen Gegenst\u00e4nde aus Maniago verwenden. Denken Sie nur an K\u00f6che, Metzger, Friseure, Landwirte, G\u00e4rtner, Chirurgen, Tier\u00e4rzte, Seeleute, J\u00e4ger, Bauarbeiter, Maurer, Tiefseetaucher usw., die in der ganzen Welt verteilt sind. In Maniago dreht sich alles um Messer. Rund 70 verschiedene Fabriken stellen t\u00e4glich nicht nur (Taschen-)Messer, sondern auch Korkenzieher, Scheren, Besteck, landwirtschaftliche Werkzeuge und chirurgische Instrumente her. Sie besch\u00e4ftigen fast 2.000 Menschen.<\/p>\n<p>Auch die Familie Scarabello stammt aus diesem charmanten St\u00e4dtchen, und seit 2022 ist ein Familienmitglied, Umberto Scarabello, auch der neue B\u00fcrgermeister von Maniago. Einige Generationen nach Giuliano Scarabello, der in die Niederlande ging, gr\u00fcndete sein \u00e4ltester Enkel eine neue Schmuckmarke unter diesem Namen. Aus Respekt vor dem Land, in dem die Designer die Inspiration finden, die sch\u00f6nsten und anspruchsvollsten Produkte zu kreieren.<\/p>\n\t\t\t\t\t\t<\/div>\n\t\t\t\t<\/div>\n\t\t\t\t<div class=\"elementor-element elementor-element-c90ce1e elementor-widget elementor-widget-button\" data-id=\"c90ce1e\" data-element_type=\"widget\" data-widget_type=\"button.default\">\n\t\t\t\t<div class=\"elementor-widget-container\">\n\t\t\t\t\t<div class=\"elementor-button-wrapper\">\n\t\t\t<a class=\"elementor-button elementor-button-link elementor-size-sm\" href=\"https:\/\/scarabello.shop\/shop\/\">\n\t\t\t\t\t\t<span class=\"elementor-button-content-wrapper\">\n\t\t\t\t\t\t<span class=\"elementor-button-text\">Unsere Produkte ansehen<\/span>\n\t\t<\/span>\n\t\t\t\t\t<\/a>\n\t\t<\/div>\n\t\t\t\t<\/div>\n\t\t\t\t<\/div>\n\t\t\t\t\t<\/div>\n\t\t<\/div>\n\t\t\t\t\t\t\t<\/div>\n\t\t<\/section>\n\t\t\t\t\t\t\t<\/div>\n\t\t","protected":false},"excerpt":{"rendered":"<p>Maniago Maniago Maniago Eine kleine Stadt in der Provinz Friaul-Julisch Venetien in Norditalien. Aber Maniago ist gar nicht so unbedeutend. In dieser kleinen Stadt am Fu\u00dfe der Karnischen Voralpen wurden schon vor Jahrhunderten alle Arten von Messern, Schwertern und Dolchen hergestellt. Man kann mit Sicherheit sagen, dass die Stadt heute f\u00fcr die gr\u00f6\u00dfte Messerproduktion Italiens &hellip;<\/p>\n<p class=\"read-more\"> <a class=\"\" href=\"https:\/\/scarabello.shop\/de\/maniago\/\"> <span class=\"screen-reader-text\">Maniago<\/span> Weiterlesen &raquo;<\/a><\/p>\n","protected":false},"author":1,"featured_media":0,"parent":0,"menu_order":0,"comment_status":"closed","ping_status":"closed","template":"","meta":{"inline_featured_image":false,"site-sidebar-layout":"no-sidebar","site-content-layout":"page-builder","ast-site-content-layout":"","site-content-style":"default","site-sidebar-style":"default","ast-global-header-display":"","ast-banner-title-visibility":"","ast-main-header-display":"","ast-hfb-above-header-display":"","ast-hfb-below-header-display":"","ast-hfb-mobile-header-display":"","site-post-title":"disabled","ast-breadcrumbs-content":"disabled","ast-featured-img":"disabled","footer-sml-layout":"","theme-transparent-header-meta":"","adv-header-id-meta":"","stick-header-meta":"","header-above-stick-meta":"","header-main-stick-meta":"","header-below-stick-meta":"","astra-migrate-meta-layouts":"","footnotes":""},"_links":{"self":[{"href":"https:\/\/scarabello.shop\/de\/wp-json\/wp\/v2\/pages\/2327"}],"collection":[{"href":"https:\/\/scarabello.shop\/de\/wp-json\/wp\/v2\/pages"}],"about":[{"href":"https:\/\/scarabello.shop\/de\/wp-json\/wp\/v2\/types\/page"}],"author":[{"embeddable":true,"href":"https:\/\/scarabello.shop\/de\/wp-json\/wp\/v2\/users\/1"}],"replies":[{"embeddable":true,"href":"https:\/\/scarabello.shop\/de\/wp-json\/wp\/v2\/comments?post=2327"}],"version-history":[{"count":1,"href":"https:\/\/scarabello.shop\/de\/wp-json\/wp\/v2\/pages\/2327\/revisions"}],"predecessor-version":[{"id":2328,"href":"https:\/\/scarabello.shop\/de\/wp-json\/wp\/v2\/pages\/2327\/revisions\/2328"}],"wp:attachment":[{"href":"https:\/\/scarabello.shop\/de\/wp-json\/wp\/v2\/media?parent=2327"}],"curies":[{"name":"wp","href":"https:\/\/api.w.org\/{rel}","templated":true}]}}