{"id":2311,"date":"2023-05-11T11:00:46","date_gmt":"2023-05-11T11:00:46","guid":{"rendered":"https:\/\/scarabello.shop\/die-schoensten-doerfer-italiens\/"},"modified":"2023-08-26T11:15:02","modified_gmt":"2023-08-26T11:15:02","slug":"die-schoensten-doerfer-italiens","status":"publish","type":"page","link":"https:\/\/scarabello.shop\/de\/die-schoensten-doerfer-italiens\/","title":{"rendered":"Die sch\u00f6nsten D\u00f6rfer Italiens"},"content":{"rendered":"\t\t<div data-elementor-type=\"wp-page\" data-elementor-id=\"2311\" class=\"elementor elementor-2311 elementor-1478\" data-elementor-post-type=\"page\">\n\t\t\t\t\t\t\t\t\t<section class=\"elementor-section elementor-top-section elementor-element elementor-element-c7d5626 elementor-section-boxed elementor-section-height-default elementor-section-height-default\" data-id=\"c7d5626\" data-element_type=\"section\" data-settings=\"{&quot;background_background&quot;:&quot;classic&quot;}\">\n\t\t\t\t\t\t<div class=\"elementor-container elementor-column-gap-no\">\n\t\t\t\t\t<div class=\"elementor-column elementor-col-100 elementor-top-column elementor-element elementor-element-3d90566\" data-id=\"3d90566\" data-element_type=\"column\">\n\t\t\t<div class=\"elementor-widget-wrap elementor-element-populated\">\n\t\t\t\t\t\t\t\t<div class=\"elementor-element elementor-element-4450677 elementor-widget elementor-widget-heading\" data-id=\"4450677\" data-element_type=\"widget\" data-widget_type=\"heading.default\">\n\t\t\t\t<div class=\"elementor-widget-container\">\n\t\t\t<style>\/*! elementor - v3.16.0 - 12-09-2023 *\/\n.elementor-heading-title{padding:0;margin:0;line-height:1}.elementor-widget-heading .elementor-heading-title[class*=elementor-size-]>a{color:inherit;font-size:inherit;line-height:inherit}.elementor-widget-heading .elementor-heading-title.elementor-size-small{font-size:15px}.elementor-widget-heading .elementor-heading-title.elementor-size-medium{font-size:19px}.elementor-widget-heading .elementor-heading-title.elementor-size-large{font-size:29px}.elementor-widget-heading .elementor-heading-title.elementor-size-xl{font-size:39px}.elementor-widget-heading .elementor-heading-title.elementor-size-xxl{font-size:59px}<\/style><h1 class=\"elementor-heading-title elementor-size-default\">Die sch\u00f6nsten D\u00f6rfer Italiens<\/h1>\t\t<\/div>\n\t\t\t\t<\/div>\n\t\t\t\t\t<\/div>\n\t\t<\/div>\n\t\t\t\t\t\t\t<\/div>\n\t\t<\/section>\n\t\t\t\t<section class=\"elementor-section elementor-top-section elementor-element elementor-element-7c8bef9 elementor-section-boxed elementor-section-height-default elementor-section-height-default\" data-id=\"7c8bef9\" data-element_type=\"section\">\n\t\t\t\t\t\t<div class=\"elementor-container elementor-column-gap-no\">\n\t\t\t\t\t<div class=\"elementor-column elementor-col-100 elementor-top-column elementor-element elementor-element-66d72db\" data-id=\"66d72db\" data-element_type=\"column\">\n\t\t\t<div class=\"elementor-widget-wrap elementor-element-populated\">\n\t\t\t\t\t\t\t\t<div class=\"elementor-element elementor-element-85f1f32 elementor-widget elementor-widget-heading\" data-id=\"85f1f32\" data-element_type=\"widget\" data-widget_type=\"heading.default\">\n\t\t\t\t<div class=\"elementor-widget-container\">\n\t\t\t<h2 class=\"elementor-heading-title elementor-size-default\">Italienisches Design<\/h2>\t\t<\/div>\n\t\t\t\t<\/div>\n\t\t\t\t<div class=\"elementor-element elementor-element-7deff9e elementor-widget elementor-widget-text-editor\" data-id=\"7deff9e\" data-element_type=\"widget\" data-widget_type=\"text-editor.default\">\n\t\t\t\t<div class=\"elementor-widget-container\">\n\t\t\t<style>\/*! elementor - v3.16.0 - 12-09-2023 *\/\n.elementor-widget-text-editor.elementor-drop-cap-view-stacked .elementor-drop-cap{background-color:#69727d;color:#fff}.elementor-widget-text-editor.elementor-drop-cap-view-framed .elementor-drop-cap{color:#69727d;border:3px solid;background-color:transparent}.elementor-widget-text-editor:not(.elementor-drop-cap-view-default) .elementor-drop-cap{margin-top:8px}.elementor-widget-text-editor:not(.elementor-drop-cap-view-default) .elementor-drop-cap-letter{width:1em;height:1em}.elementor-widget-text-editor .elementor-drop-cap{float:left;text-align:center;line-height:1;font-size:50px}.elementor-widget-text-editor .elementor-drop-cap-letter{display:inline-block}<\/style>\t\t\t\t<p>Das italienische Design ist eng mit den D\u00f6rfern des Landes verbunden, die oft reich an Geschichte und Tradition sind und deren Architektur und Kunst durch jahrhundertelange kulturelle Einfl\u00fcsse gepr\u00e4gt wurde. Viele italienische Designer haben sich von der Sch\u00f6nheit und dem Charme dieser D\u00f6rfer inspirieren lassen und ihre architektonischen Stile, die nat\u00fcrlichen Materialien und die lokale Handwerkskunst genutzt, um einzigartige und zeitlose Designs zu entwerfen.<\/p>\n<p>So sind die einfachen, eleganten Linien italienischer M\u00f6bel h\u00e4ufig von der klaren, \u00fcbersichtlichen Gestaltung italienischer Dorfh\u00e4user inspiriert, bei denen nat\u00fcrliche Materialien wie Holz und Stein im Vordergrund stehen. Ebenso haben die farbenfrohen Fliesen und Mosaike, die viele italienische Villen und Herrenh\u00e4user schm\u00fccken, eine Reihe von italienischen Keramikdesigns inspiriert, die von traditionell bis modern reichen.<\/p>\n\t\t\t\t\t\t<\/div>\n\t\t\t\t<\/div>\n\t\t\t\t<section class=\"elementor-section elementor-inner-section elementor-element elementor-element-df2436d elementor-section-boxed elementor-section-height-default elementor-section-height-default\" data-id=\"df2436d\" data-element_type=\"section\">\n\t\t\t\t\t\t<div class=\"elementor-container elementor-column-gap-default\">\n\t\t\t\t\t<div class=\"elementor-column elementor-col-50 elementor-inner-column elementor-element elementor-element-e58d2f6\" data-id=\"e58d2f6\" data-element_type=\"column\">\n\t\t\t<div class=\"elementor-widget-wrap elementor-element-populated\">\n\t\t\t\t\t\t\t\t<div class=\"elementor-element elementor-element-df3aa3b elementor-widget elementor-widget-text-editor\" data-id=\"df3aa3b\" data-element_type=\"widget\" data-widget_type=\"text-editor.default\">\n\t\t\t\t<div class=\"elementor-widget-container\">\n\t\t\t\t\t\t\t<p>Dar\u00fcber hinaus inspirieren italienische D\u00f6rfer und die umliegenden Landschaften h\u00e4ufig italienische Designer in Bereichen wie Mode, Kunst und Architektur. Viele italienische Modedesigner lassen sich von den Farben, Mustern und Texturen der italienischen Landschaft inspirieren, w\u00e4hrend italienische Architekten seit langem f\u00fcr ihre F\u00e4higkeit bekannt sind, modernes Design nahtlos mit traditioneller Architektur zu verbinden.<\/p>\n<p>Die Sch\u00f6nheit und das Erbe der italienischen D\u00f6rfer haben eine wichtige Rolle bei der Gestaltung des italienischen Designs gespielt und Generationen von italienischen Designern dazu inspiriert, sch\u00f6ne und funktionelle Designs zu entwerfen, die tief in der reichen Kulturgeschichte des Landes verwurzelt sind.<\/p>\n\t\t\t\t\t\t<\/div>\n\t\t\t\t<\/div>\n\t\t\t\t\t<\/div>\n\t\t<\/div>\n\t\t\t\t<div class=\"elementor-column elementor-col-50 elementor-inner-column elementor-element elementor-element-23f9631\" data-id=\"23f9631\" data-element_type=\"column\">\n\t\t\t<div class=\"elementor-widget-wrap elementor-element-populated\">\n\t\t\t\t\t\t\t\t<div class=\"elementor-element elementor-element-a35a6d1 elementor-widget elementor-widget-image\" data-id=\"a35a6d1\" data-element_type=\"widget\" data-widget_type=\"image.default\">\n\t\t\t\t<div class=\"elementor-widget-container\">\n\t\t\t<style>\/*! elementor - v3.16.0 - 12-09-2023 *\/\n.elementor-widget-image{text-align:center}.elementor-widget-image a{display:inline-block}.elementor-widget-image a img[src$=\".svg\"]{width:48px}.elementor-widget-image img{vertical-align:middle;display:inline-block}<\/style>\t\t\t\t\t\t\t\t\t\t\t\t<img decoding=\"async\" loading=\"lazy\" width=\"1024\" height=\"593\" src=\"https:\/\/scarabello.shop\/wp-content\/uploads\/2023\/05\/ScarbelloHRS-1024x593.jpg\" class=\"attachment-large size-large wp-image-1369\" alt=\"\" srcset=\"https:\/\/scarabello.shop\/wp-content\/uploads\/2023\/05\/ScarbelloHRS-1024x593.jpg 1024w, https:\/\/scarabello.shop\/wp-content\/uploads\/2023\/05\/ScarbelloHRS-300x174.jpg 300w, https:\/\/scarabello.shop\/wp-content\/uploads\/2023\/05\/ScarbelloHRS-768x445.jpg 768w, https:\/\/scarabello.shop\/wp-content\/uploads\/2023\/05\/ScarbelloHRS-1536x890.jpg 1536w, https:\/\/scarabello.shop\/wp-content\/uploads\/2023\/05\/ScarbelloHRS-600x348.jpg 600w, https:\/\/scarabello.shop\/wp-content\/uploads\/2023\/05\/ScarbelloHRS.jpg 2000w\" sizes=\"(max-width: 1024px) 100vw, 1024px\" \/>\t\t\t\t\t\t\t\t\t\t\t\t\t\t\t<\/div>\n\t\t\t\t<\/div>\n\t\t\t\t\t<\/div>\n\t\t<\/div>\n\t\t\t\t\t\t\t<\/div>\n\t\t<\/section>\n\t\t\t\t\t<\/div>\n\t\t<\/div>\n\t\t\t\t\t\t\t<\/div>\n\t\t<\/section>\n\t\t\t\t\t\t\t<\/div>\n\t\t","protected":false},"excerpt":{"rendered":"<p>Die sch\u00f6nsten D\u00f6rfer Italiens Italienisches Design Das italienische Design ist eng mit den D\u00f6rfern des Landes verbunden, die oft reich an Geschichte und Tradition sind und deren Architektur und Kunst durch jahrhundertelange kulturelle Einfl\u00fcsse gepr\u00e4gt wurde. Viele italienische Designer haben sich von der Sch\u00f6nheit und dem Charme dieser D\u00f6rfer inspirieren lassen und ihre architektonischen Stile, &hellip;<\/p>\n<p class=\"read-more\"> <a class=\"\" href=\"https:\/\/scarabello.shop\/de\/die-schoensten-doerfer-italiens\/\"> <span class=\"screen-reader-text\">Die sch\u00f6nsten D\u00f6rfer Italiens<\/span> Weiterlesen &raquo;<\/a><\/p>\n","protected":false},"author":1,"featured_media":0,"parent":0,"menu_order":0,"comment_status":"closed","ping_status":"closed","template":"","meta":{"inline_featured_image":false,"site-sidebar-layout":"no-sidebar","site-content-layout":"page-builder","ast-site-content-layout":"","site-content-style":"default","site-sidebar-style":"default","ast-global-header-display":"","ast-banner-title-visibility":"","ast-main-header-display":"","ast-hfb-above-header-display":"","ast-hfb-below-header-display":"","ast-hfb-mobile-header-display":"","site-post-title":"disabled","ast-breadcrumbs-content":"disabled","ast-featured-img":"disabled","footer-sml-layout":"","theme-transparent-header-meta":"","adv-header-id-meta":"","stick-header-meta":"","header-above-stick-meta":"","header-main-stick-meta":"","header-below-stick-meta":"","astra-migrate-meta-layouts":"","footnotes":""},"_links":{"self":[{"href":"https:\/\/scarabello.shop\/de\/wp-json\/wp\/v2\/pages\/2311"}],"collection":[{"href":"https:\/\/scarabello.shop\/de\/wp-json\/wp\/v2\/pages"}],"about":[{"href":"https:\/\/scarabello.shop\/de\/wp-json\/wp\/v2\/types\/page"}],"author":[{"embeddable":true,"href":"https:\/\/scarabello.shop\/de\/wp-json\/wp\/v2\/users\/1"}],"replies":[{"embeddable":true,"href":"https:\/\/scarabello.shop\/de\/wp-json\/wp\/v2\/comments?post=2311"}],"version-history":[{"count":1,"href":"https:\/\/scarabello.shop\/de\/wp-json\/wp\/v2\/pages\/2311\/revisions"}],"predecessor-version":[{"id":2312,"href":"https:\/\/scarabello.shop\/de\/wp-json\/wp\/v2\/pages\/2311\/revisions\/2312"}],"wp:attachment":[{"href":"https:\/\/scarabello.shop\/de\/wp-json\/wp\/v2\/media?parent=2311"}],"curies":[{"name":"wp","href":"https:\/\/api.w.org\/{rel}","templated":true}]}}